{"id":44165,"date":"2022-08-01T13:33:28","date_gmt":"2022-08-01T13:33:28","guid":{"rendered":"https:\/\/www.loroparque-fundacion.org\/?page_id=44165"},"modified":"2023-05-22T16:34:17","modified_gmt":"2023-05-22T16:34:17","slug":"mitgliedschaftsbedingungen","status":"publish","type":"page","link":"https:\/\/www.loroparque-fundacion.org\/de\/mitgliedschaftsbedingungen\/","title":{"rendered":"Mitgliedschaftsbedingungen"},"content":{"rendered":"<h1 style=\"text-align: center;\">Mitgliedschaftsbedingungen<\/h1>\n<p>&#8211; <span lang=\"DE\">Die Besuche der Zuchtstation \u201eLa Vera\u201c finden zwischen September und M\u00e4rz, jeden Donnerstag und au\u00dferhalb der Brutsaison statt. Damit wird das Wohlbefinden der Papageien gew\u00e4hrleistet. Es ist erforderlich, im Voraus einen Termin zu vereinbaren.<\/span><\/p>\n<p>&#8211; Das LPF-Kit besteht aus 1 Aufkleber, 1 Kappe und 1 T-Shirt<\/p>\n<p>&#8211; Exclusive Tour: <span lang=\"DE\">F\u00fcr die Teilnahme ist eine vorherige Terminvereinbarung erforderlich. Die F\u00fchrungen werden einmal im Monat in englischer Sprache durchgef\u00fchrt<\/span><\/p>\n<p>(I) Die von Ihnen freiwillig zur Verfu\u0308gung gestellten Daten werden in eine Datenbank aufgenommen, die sich im Besitz der Loro Parque Fundacio\u0301n befindet, um Ihre Registrierung oder Erneuerung als Mitglied der Loro Parque Fundacio\u0301n durchzufu\u0308hren und um Ihnen einen besseren Service zu bieten. Gema\u0308\u00df der Verordnung (EU) 2016\/679 des Europa\u0308ischen Parlaments und des Rates vom 27. April 2016 und der Verordnung L.O. 3\/2018 vom 5. Dezember u\u0308ber den Schutz personenbezogener Daten und die Gewa\u0308hrleistung digitaler Rechte kann der Betroffene jederzeit sein Recht auf Auskunft, Berichtigung, Lo\u0308schung, Einschra\u0308nkung der Verarbeitung, U\u0308bertragbarkeit und Widerspruch ausu\u0308ben, indem er sich an den Verantwortlichen der Loro Parque Fundacio\u0301n, Avda. Loro Parque s\/n, 38400 Puerto de la Cruz, Teneriffa, wendet oder eine E-Mail an lpf@loroparque-fundacio\u0301n.org schreibt. Mit der Zahlung u\u0308ber Bankeinzug erkla\u0308ren Sie sich damit einverstanden, dass die angegebenen Daten elektronisch an Ihre Bank u\u0308bermittelt werden.<\/p>\n<p>(II) Der Unterzeichner akzeptiert die U\u0308bermittlung seiner Daten, die von Loro Parque Fundacio\u0301n an das Handelsunternehmen Loro Parque, S.A. vorgenommen wird, damit sowohl Loro Parque Fundacio\u0301n als auch Loro Parque, S.A. Ihnen Informationen u\u0308ber die von ihnen durchgefu\u0308hrten Aktivita\u0308ten zusenden ko\u0308nnen, was der Unterzeichner ausdru\u0308cklich akzeptiert.<\/p>\n","protected":false},"excerpt":{"rendered":"<p>Mitgliedschaftsbedingungen &#8211; Die Besuche der Zuchtstation \u201eLa Vera\u201c finden zwischen September und M\u00e4rz, jeden Donnerstag&#8230;<\/p>\n","protected":false},"author":1,"featured_media":0,"parent":0,"menu_order":0,"comment_status":"closed","ping_status":"closed","template":"","meta":{"footnotes":""},"yoast_head":"<!-- This site is optimized with the Yoast SEO plugin v23.0 - https:\/\/yoast.com\/wordpress\/plugins\/seo\/ -->\n<title>Mitgliedschaftsbedingungen &#8226; Loro Parque Fundaci\u00f3n<\/title>\n<meta name=\"description\" content=\"Internationale gemeinn\u00fctzige Einrichtung f\u00fcr Natur- und Umweltschutz durch einen Papageien-Genpool.\" \/>\n<meta name=\"robots\" content=\"noindex, nofollow\" \/>\n<meta property=\"og:locale\" content=\"de_DE\" \/>\n<meta property=\"og:type\" content=\"article\" \/>\n<meta property=\"og:title\" content=\"Mitgliedschaftsbedingungen &#8226; Loro Parque Fundaci\u00f3n\" \/>\n<meta property=\"og:description\" content=\"Internationale gemeinn\u00fctzige Einrichtung f\u00fcr Natur- und Umweltschutz durch einen Papageien-Genpool.\" \/>\n<meta property=\"og:url\" content=\"https:\/\/www.loroparque-fundacion.org\/de\/mitgliedschaftsbedingungen\/\" \/>\n<meta property=\"og:site_name\" content=\"Loro Parque Fundaci\u00f3n\" \/>\n<meta property=\"article:publisher\" content=\"https:\/\/www.facebook.com\/loroparquefundacion\/\" \/>\n<meta property=\"article:modified_time\" content=\"2023-05-22T16:34:17+00:00\" \/>\n<meta property=\"og:image\" content=\"https:\/\/www.loroparque-fundacion.org\/app\/uploads\/2022\/08\/destacadaweb.png\" \/>\n\t<meta property=\"og:image:width\" content=\"500\" \/>\n\t<meta property=\"og:image:height\" content=\"500\" \/>\n\t<meta property=\"og:image:type\" content=\"image\/png\" \/>\n<meta name=\"twitter:card\" content=\"summary_large_image\" \/>\n<meta name=\"twitter:site\" content=\"@lp__fundacion\" \/>\n<meta name=\"twitter:label1\" content=\"Est. reading time\" \/>\n\t<meta name=\"twitter:data1\" content=\"2 minutes\" \/>\n<script type=\"application\/ld+json\" class=\"yoast-schema-graph\">{\"@context\":\"https:\/\/schema.org\",\"@graph\":[{\"@type\":\"WebPage\",\"@id\":\"https:\/\/www.loroparque-fundacion.org\/de\/mitgliedschaftsbedingungen\/\",\"url\":\"https:\/\/www.loroparque-fundacion.org\/de\/mitgliedschaftsbedingungen\/\",\"name\":\"Mitgliedschaftsbedingungen &#8226; Loro Parque Fundaci\u00f3n\",\"isPartOf\":{\"@id\":\"https:\/\/www.loroparque-fundacion.org\/de\/#website\"},\"datePublished\":\"2022-08-01T13:33:28+00:00\",\"dateModified\":\"2023-05-22T16:34:17+00:00\",\"description\":\"Internationale gemeinn\u00fctzige Einrichtung f\u00fcr Natur- und Umweltschutz durch einen Papageien-Genpool.\",\"inLanguage\":\"de-DE\",\"potentialAction\":[{\"@type\":\"ReadAction\",\"target\":[\"https:\/\/www.loroparque-fundacion.org\/de\/mitgliedschaftsbedingungen\/\"]}]},{\"@type\":\"WebSite\",\"@id\":\"https:\/\/www.loroparque-fundacion.org\/de\/#website\",\"url\":\"https:\/\/www.loroparque-fundacion.org\/de\/\",\"name\":\"Loro Parque Fundaci\u00f3n\",\"description\":\"We Care - Animal Embassy - Tenerife\",\"publisher\":{\"@id\":\"https:\/\/www.loroparque-fundacion.org\/de\/#organization\"},\"potentialAction\":[{\"@type\":\"SearchAction\",\"target\":{\"@type\":\"EntryPoint\",\"urlTemplate\":\"https:\/\/www.loroparque-fundacion.org\/de\/?s={search_term_string}\"},\"query-input\":\"required name=search_term_string\"}],\"inLanguage\":\"de-DE\"},{\"@type\":\"Organization\",\"@id\":\"https:\/\/www.loroparque-fundacion.org\/de\/#organization\",\"name\":\"Loro Parque Fundaci\u00f3n\",\"url\":\"https:\/\/www.loroparque-fundacion.org\/de\/\",\"logo\":{\"@type\":\"ImageObject\",\"inLanguage\":\"de-DE\",\"@id\":\"https:\/\/www.loroparque-fundacion.org\/de\/#\/schema\/logo\/image\/\",\"url\":\"https:\/\/www.loroparque-fundacion.org\/app\/uploads\/2022\/08\/destacadaweb.png\",\"contentUrl\":\"https:\/\/www.loroparque-fundacion.org\/app\/uploads\/2022\/08\/destacadaweb.png\",\"width\":500,\"height\":500,\"caption\":\"Loro Parque Fundaci\u00f3n\"},\"image\":{\"@id\":\"https:\/\/www.loroparque-fundacion.org\/de\/#\/schema\/logo\/image\/\"},\"sameAs\":[\"https:\/\/www.facebook.com\/loroparquefundacion\/\",\"https:\/\/x.com\/lp__fundacion\",\"https:\/\/www.instagram.com\/loroparque_fundacion\/\",\"https:\/\/www.linkedin.com\/company\/loroparque\/\"]}]}<\/script>\n<!-- \/ Yoast SEO plugin. -->","yoast_head_json":{"title":"Mitgliedschaftsbedingungen &#8226; Loro Parque Fundaci\u00f3n","description":"Internationale gemeinn\u00fctzige Einrichtung f\u00fcr Natur- und Umweltschutz durch einen Papageien-Genpool.","robots":{"index":"noindex","follow":"nofollow"},"og_locale":"de_DE","og_type":"article","og_title":"Mitgliedschaftsbedingungen &#8226; Loro Parque Fundaci\u00f3n","og_description":"Internationale gemeinn\u00fctzige Einrichtung f\u00fcr Natur- und Umweltschutz durch einen Papageien-Genpool.","og_url":"https:\/\/www.loroparque-fundacion.org\/de\/mitgliedschaftsbedingungen\/","og_site_name":"Loro Parque Fundaci\u00f3n","article_publisher":"https:\/\/www.facebook.com\/loroparquefundacion\/","article_modified_time":"2023-05-22T16:34:17+00:00","og_image":[{"width":500,"height":500,"url":"https:\/\/www.loroparque-fundacion.org\/app\/uploads\/2022\/08\/destacadaweb.png","type":"image\/png"}],"twitter_card":"summary_large_image","twitter_site":"@lp__fundacion","twitter_misc":{"Est. reading time":"2 minutes"},"schema":{"@context":"https:\/\/schema.org","@graph":[{"@type":"WebPage","@id":"https:\/\/www.loroparque-fundacion.org\/de\/mitgliedschaftsbedingungen\/","url":"https:\/\/www.loroparque-fundacion.org\/de\/mitgliedschaftsbedingungen\/","name":"Mitgliedschaftsbedingungen &#8226; Loro Parque Fundaci\u00f3n","isPartOf":{"@id":"https:\/\/www.loroparque-fundacion.org\/de\/#website"},"datePublished":"2022-08-01T13:33:28+00:00","dateModified":"2023-05-22T16:34:17+00:00","description":"Internationale gemeinn\u00fctzige Einrichtung f\u00fcr Natur- und Umweltschutz durch einen Papageien-Genpool.","inLanguage":"de-DE","potentialAction":[{"@type":"ReadAction","target":["https:\/\/www.loroparque-fundacion.org\/de\/mitgliedschaftsbedingungen\/"]}]},{"@type":"WebSite","@id":"https:\/\/www.loroparque-fundacion.org\/de\/#website","url":"https:\/\/www.loroparque-fundacion.org\/de\/","name":"Loro Parque Fundaci\u00f3n","description":"We Care - Animal Embassy - Tenerife","publisher":{"@id":"https:\/\/www.loroparque-fundacion.org\/de\/#organization"},"potentialAction":[{"@type":"SearchAction","target":{"@type":"EntryPoint","urlTemplate":"https:\/\/www.loroparque-fundacion.org\/de\/?s={search_term_string}"},"query-input":"required name=search_term_string"}],"inLanguage":"de-DE"},{"@type":"Organization","@id":"https:\/\/www.loroparque-fundacion.org\/de\/#organization","name":"Loro Parque Fundaci\u00f3n","url":"https:\/\/www.loroparque-fundacion.org\/de\/","logo":{"@type":"ImageObject","inLanguage":"de-DE","@id":"https:\/\/www.loroparque-fundacion.org\/de\/#\/schema\/logo\/image\/","url":"https:\/\/www.loroparque-fundacion.org\/app\/uploads\/2022\/08\/destacadaweb.png","contentUrl":"https:\/\/www.loroparque-fundacion.org\/app\/uploads\/2022\/08\/destacadaweb.png","width":500,"height":500,"caption":"Loro Parque Fundaci\u00f3n"},"image":{"@id":"https:\/\/www.loroparque-fundacion.org\/de\/#\/schema\/logo\/image\/"},"sameAs":["https:\/\/www.facebook.com\/loroparquefundacion\/","https:\/\/x.com\/lp__fundacion","https:\/\/www.instagram.com\/loroparque_fundacion\/","https:\/\/www.linkedin.com\/company\/loroparque\/"]}]}},"_links":{"self":[{"href":"https:\/\/www.loroparque-fundacion.org\/de\/wp-json\/wp\/v2\/pages\/44165"}],"collection":[{"href":"https:\/\/www.loroparque-fundacion.org\/de\/wp-json\/wp\/v2\/pages"}],"about":[{"href":"https:\/\/www.loroparque-fundacion.org\/de\/wp-json\/wp\/v2\/types\/page"}],"author":[{"embeddable":true,"href":"https:\/\/www.loroparque-fundacion.org\/de\/wp-json\/wp\/v2\/users\/1"}],"replies":[{"embeddable":true,"href":"https:\/\/www.loroparque-fundacion.org\/de\/wp-json\/wp\/v2\/comments?post=44165"}],"version-history":[{"count":5,"href":"https:\/\/www.loroparque-fundacion.org\/de\/wp-json\/wp\/v2\/pages\/44165\/revisions"}],"predecessor-version":[{"id":53314,"href":"https:\/\/www.loroparque-fundacion.org\/de\/wp-json\/wp\/v2\/pages\/44165\/revisions\/53314"}],"wp:attachment":[{"href":"https:\/\/www.loroparque-fundacion.org\/de\/wp-json\/wp\/v2\/media?parent=44165"}],"curies":[{"name":"wp","href":"https:\/\/api.w.org\/{rel}","templated":true}]}}