{"id":52202,"date":"2022-06-13T11:46:46","date_gmt":"2022-06-13T11:46:46","guid":{"rendered":"https:\/\/www.loroparque-fundacion.org\/contacto\/"},"modified":"2024-09-16T13:53:11","modified_gmt":"2024-09-16T13:53:11","slug":"kontakt","status":"publish","type":"page","link":"https:\/\/www.loroparque-fundacion.org\/de\/kontakt\/","title":{"rendered":"Kontakt mit Loro Parque Fundaci\u00f3n"},"content":{"rendered":"[vc_row type=&#8221;in_container&#8221; full_screen_row_position=&#8221;middle&#8221; column_margin=&#8221;default&#8221; column_direction=&#8221;default&#8221; column_direction_tablet=&#8221;default&#8221; column_direction_phone=&#8221;default&#8221; scene_position=&#8221;center&#8221; text_color=&#8221;dark&#8221; text_align=&#8221;left&#8221; row_border_radius=&#8221;none&#8221; row_border_radius_applies=&#8221;bg&#8221; overflow=&#8221;visible&#8221; overlay_strength=&#8221;0.3&#8243; gradient_direction=&#8221;left_to_right&#8221; shape_divider_position=&#8221;bottom&#8221; bg_image_animation=&#8221;none&#8221;][vc_column column_padding=&#8221;no-extra-padding&#8221; column_padding_tablet=&#8221;inherit&#8221; column_padding_phone=&#8221;inherit&#8221; column_padding_position=&#8221;all&#8221; column_element_direction_desktop=&#8221;default&#8221; column_element_spacing=&#8221;default&#8221; desktop_text_alignment=&#8221;default&#8221; tablet_text_alignment=&#8221;default&#8221; phone_text_alignment=&#8221;default&#8221; background_color_opacity=&#8221;1&#8243; background_hover_color_opacity=&#8221;1&#8243; column_backdrop_filter=&#8221;none&#8221; column_shadow=&#8221;none&#8221; column_border_radius=&#8221;none&#8221; column_link_target=&#8221;_self&#8221; column_position=&#8221;default&#8221; gradient_direction=&#8221;left_to_right&#8221; overlay_strength=&#8221;0.3&#8243; width=&#8221;1\/1&#8243; tablet_width_inherit=&#8221;default&#8221; animation_type=&#8221;default&#8221; bg_image_animation=&#8221;none&#8221; border_type=&#8221;simple&#8221; column_border_width=&#8221;none&#8221; column_border_style=&#8221;solid&#8221;][vc_raw_js]JTNDJTJGc2NyaXB0JTNFJTNDc2NyaXB0JTIwc3JjJTNEJTI3JTJGZ2VzdGlvbiUyRmpzJTJGY29udGFjdG8ucGJsLmpzJTI3JTNFJTIwJTIwJTNDJTJGc2NyaXB0JTNFJTBBJTNDc2NyaXB0JTIwc3JjJTNEJTIyaHR0cHMlM0ElMkYlMkZ3d3cuZ29vZ2xlLmNvbSUyRnJlY2FwdGNoYSUyRmFwaS5qcyUyMiUyMGFzeW5jJTIwZGVmZXIlM0UlMEE=[\/vc_raw_js][\/vc_column][\/vc_row][vc_row type=&#8221;in_container&#8221; full_screen_row_position=&#8221;middle&#8221; column_margin=&#8221;default&#8221; equal_height=&#8221;yes&#8221; content_placement=&#8221;middle&#8221; column_direction=&#8221;default&#8221; column_direction_tablet=&#8221;default&#8221; column_direction_phone=&#8221;default&#8221; scene_position=&#8221;center&#8221; top_padding=&#8221;4%&#8221; constrain_group_1=&#8221;yes&#8221; bottom_padding=&#8221;4%&#8221; text_color=&#8221;dark&#8221; text_align=&#8221;left&#8221; row_border_radius=&#8221;none&#8221; row_border_radius_applies=&#8221;bg&#8221; overflow=&#8221;visible&#8221; id=&#8221;llegar&#8221; advanced_gradient_angle=&#8221;0&#8243; overlay_strength=&#8221;0.3&#8243; gradient_direction=&#8221;left_to_right&#8221; shape_divider_position=&#8221;bottom&#8221; bg_image_animation=&#8221;none&#8221; gradient_type=&#8221;default&#8221; shape_type=&#8221;&#8221;][vc_column column_padding=&#8221;no-extra-padding&#8221; column_padding_tablet=&#8221;inherit&#8221; column_padding_phone=&#8221;inherit&#8221; column_padding_position=&#8221;left&#8221; column_element_direction_desktop=&#8221;default&#8221; column_element_spacing=&#8221;default&#8221; desktop_text_alignment=&#8221;default&#8221; tablet_text_alignment=&#8221;default&#8221; phone_text_alignment=&#8221;default&#8221; background_color_opacity=&#8221;1&#8243; background_hover_color_opacity=&#8221;1&#8243; column_backdrop_filter=&#8221;none&#8221; column_shadow=&#8221;none&#8221; column_border_radius=&#8221;none&#8221; column_link_target=&#8221;_self&#8221; column_position=&#8221;default&#8221; advanced_gradient_angle=&#8221;0&#8243; gradient_direction=&#8221;left_to_right&#8221; overlay_strength=&#8221;0.3&#8243; width=&#8221;1\/3&#8243; tablet_width_inherit=&#8221;default&#8221; animation_type=&#8221;default&#8221; bg_image_animation=&#8221;none&#8221; border_type=&#8221;simple&#8221; column_border_width=&#8221;none&#8221; column_border_style=&#8221;solid&#8221; gradient_type=&#8221;default&#8221;][vc_column_text]\n<h1>Kontakt mit Loro Parque Fundaci\u00f3n<\/h1>\n[\/vc_column_text][divider line_type=&#8221;No Line&#8221; custom_height=&#8221;32&#8243;][vc_column_text]<i class=\"fa fa-map-marker\" style=\"color: #000000;\" aria-hidden=\"true\"><\/i> Loro Parque Fundaci\u00f3n<br \/>\nAvda. Loro Parque, 38400 Puerto de la Cruz,<br \/>\nTenerife, Islas Canarias, Espa\u00f1a<\/p>\n<p><i class=\"fa fa-phone\" style=\"color: #000000;\" aria-hidden=\"true\"><\/i> (+34) 922 373 841 (ext.: 281)<\/p>\n<p><i class=\"fa fa-envelope\" style=\"color: #000000;\" aria-hidden=\"true\"><\/i> lpf@loroparque-fundacion.org[\/vc_column_text][\/vc_column][vc_column column_padding=&#8221;no-extra-padding&#8221; column_padding_tablet=&#8221;inherit&#8221; column_padding_phone=&#8221;inherit&#8221; column_padding_position=&#8221;all&#8221; column_element_direction_desktop=&#8221;default&#8221; column_element_spacing=&#8221;default&#8221; desktop_text_alignment=&#8221;default&#8221; tablet_text_alignment=&#8221;default&#8221; phone_text_alignment=&#8221;default&#8221; background_color_opacity=&#8221;1&#8243; background_hover_color_opacity=&#8221;1&#8243; column_backdrop_filter=&#8221;none&#8221; column_shadow=&#8221;none&#8221; column_border_radius=&#8221;none&#8221; column_link_target=&#8221;_self&#8221; column_position=&#8221;default&#8221; advanced_gradient_angle=&#8221;0&#8243; gradient_direction=&#8221;left_to_right&#8221; overlay_strength=&#8221;0.3&#8243; width=&#8221;2\/3&#8243; tablet_width_inherit=&#8221;default&#8221; animation_type=&#8221;default&#8221; bg_image_animation=&#8221;none&#8221; border_type=&#8221;simple&#8221; column_border_width=&#8221;none&#8221; column_border_style=&#8221;solid&#8221; gradient_type=&#8221;default&#8221;]\n<div class=\"wpcf7 no-js\" id=\"wpcf7-f52604-o1\" lang=\"de-DE\" dir=\"ltr\">\n<div class=\"screen-reader-response\"><p role=\"status\" aria-live=\"polite\" aria-atomic=\"true\"><\/p> <ul><\/ul><\/div>\n<form action=\"\/de\/wp-json\/wp\/v2\/pages\/52202#wpcf7-f52604-o1\" method=\"post\" class=\"wpcf7-form init\" aria-label=\"Contact form\" novalidate=\"novalidate\" data-status=\"init\">\n<div style=\"display: none;\">\n<input type=\"hidden\" name=\"_wpcf7\" value=\"52604\" \/>\n<input type=\"hidden\" name=\"_wpcf7_version\" value=\"5.9.7\" \/>\n<input type=\"hidden\" name=\"_wpcf7_locale\" value=\"de_DE\" \/>\n<input type=\"hidden\" name=\"_wpcf7_unit_tag\" value=\"wpcf7-f52604-o1\" \/>\n<input type=\"hidden\" name=\"_wpcf7_container_post\" value=\"0\" \/>\n<input type=\"hidden\" name=\"_wpcf7_posted_data_hash\" value=\"\" \/>\n<input type=\"hidden\" name=\"_wpcf7_recaptcha_response\" value=\"\" \/>\n<\/div>\n<div class=\"form-style-2\">\n\t<div class=\"columns_wrap izq\">\n\t\t<div class=\"column-1_2\">\n\t\t\t<p><span class=\"style-line\"><span class=\"wpcf7-form-control-wrap\" data-name=\"your-name\"><input size=\"40\" maxlength=\"400\" class=\"wpcf7-form-control wpcf7-text wpcf7-validates-as-required\" aria-required=\"true\" aria-invalid=\"false\" placeholder=\"Name\" value=\"\" type=\"text\" name=\"your-name\" \/><\/span><\/span>\n\t\t\t<\/p>\n\t\t<\/div>\n\t<\/div>\n\t<div class=\"columns_wrap der\">\n\t\t<div class=\"column-1_2 der\">\n\t\t\t<p><span class=\"style-line\"><span class=\"wpcf7-form-control-wrap\" data-name=\"your-email\"><input size=\"40\" maxlength=\"400\" class=\"wpcf7-form-control wpcf7-email wpcf7-validates-as-required wpcf7-text wpcf7-validates-as-email\" aria-required=\"true\" aria-invalid=\"false\" placeholder=\"Email\" value=\"\" type=\"email\" name=\"your-email\" \/><\/span><\/span>\n\t\t\t<\/p>\n\t\t<\/div>\n\t\t<div class=\"column-1_2 der\">\n\t\t\t<p><span class=\"style-line\"><span class=\"wpcf7-form-control-wrap\" data-name=\"phone\"><input size=\"40\" maxlength=\"400\" class=\"wpcf7-form-control wpcf7-tel wpcf7-validates-as-required wpcf7-text wpcf7-validates-as-tel\" aria-required=\"true\" aria-invalid=\"false\" placeholder=\"Telefon\" value=\"\" type=\"tel\" name=\"phone\" \/><\/span><\/span>\n\t\t\t<\/p>\n\t\t<\/div>\n\t<\/div>\n\t<div class=\"columns_wrap margin-bottom\">\n\t\t<div class=\"column-1_1\">\n\t\t\t<p><span class=\"style-line\"><span class=\"wpcf7-form-control-wrap\" data-name=\"your-message\"><textarea cols=\"40\" rows=\"10\" maxlength=\"2000\" class=\"wpcf7-form-control wpcf7-textarea wpcf7-validates-as-required\" aria-required=\"true\" aria-invalid=\"false\" placeholder=\"Wie k\u00f6nnen wir Ihnen helfen?\" name=\"your-message\"><\/textarea><\/span><\/span>\n\t\t\t<\/p>\n\t\t<\/div>\n\t<\/div>\n\t<p><span class=\"wpcf7-form-control-wrap\" data-name=\"acceptance-968\"><span class=\"wpcf7-form-control wpcf7-acceptance\"><span class=\"wpcf7-list-item\"><label><input type=\"checkbox\" name=\"acceptance-968\" value=\"1\" aria-invalid=\"false\" \/><span class=\"wpcf7-list-item-label\">Ich habe die <a href=\"\/privacidad\">Datenschutzerkl\u00e4rung<\/a>.<\/span><\/label><\/span><\/span><\/span><br \/>\n<input class=\"wpcf7-form-control wpcf7-submit has-spinner\" type=\"submit\" value=\"Senden\" \/>\n\t<\/p>\n<\/div>\n<p><script>\ndocument.addEventListener( 'wpcf7submit', function( event ) {\n console.log(event )\n if ( '43557' == event.detail.contactFormId ) { \n \/\/ do something productive \n jQuery(\".wpcf7-response-output\").remove()\n Swal.fire({text: \"Vielen Dank f\u00fcr Ihre Nachricht. Sie wurde abgeschickt.\", icon: 'info', confirmButtonColor: '#ffc900'}); \n }\n}, false );\n<\/script>\n<\/p><div class=\"wpcf7-response-output\" aria-hidden=\"true\"><\/div>\n<\/form>\n<\/div>\n[\/vc_column][\/vc_row][vc_row type=&#8221;in_container&#8221; full_screen_row_position=&#8221;middle&#8221; column_margin=&#8221;default&#8221; column_direction=&#8221;default&#8221; column_direction_tablet=&#8221;default&#8221; column_direction_phone=&#8221;default&#8221; scene_position=&#8221;center&#8221; text_color=&#8221;dark&#8221; text_align=&#8221;left&#8221; row_border_radius=&#8221;none&#8221; row_border_radius_applies=&#8221;bg&#8221; overflow=&#8221;visible&#8221; overlay_strength=&#8221;0.3&#8243; gradient_direction=&#8221;left_to_right&#8221; shape_divider_position=&#8221;bottom&#8221; bg_image_animation=&#8221;none&#8221;][vc_column column_padding=&#8221;no-extra-padding&#8221; column_padding_tablet=&#8221;inherit&#8221; column_padding_phone=&#8221;inherit&#8221; column_padding_position=&#8221;all&#8221; column_element_direction_desktop=&#8221;default&#8221; column_element_spacing=&#8221;default&#8221; desktop_text_alignment=&#8221;default&#8221; tablet_text_alignment=&#8221;default&#8221; phone_text_alignment=&#8221;default&#8221; background_color_opacity=&#8221;1&#8243; background_hover_color_opacity=&#8221;1&#8243; column_backdrop_filter=&#8221;none&#8221; column_shadow=&#8221;none&#8221; column_border_radius=&#8221;none&#8221; column_link_target=&#8221;_self&#8221; column_position=&#8221;default&#8221; gradient_direction=&#8221;left_to_right&#8221; overlay_strength=&#8221;0.3&#8243; width=&#8221;1\/3&#8243; tablet_width_inherit=&#8221;default&#8221; animation_type=&#8221;default&#8221; bg_image_animation=&#8221;none&#8221; border_type=&#8221;simple&#8221; column_border_width=&#8221;none&#8221; column_border_style=&#8221;solid&#8221;][vc_column_text]\n<h1>Kontakt mit Loro Parque Fundaci\u00f3n<\/h1>\n[\/vc_column_text][divider line_type=&#8221;No Line&#8221; custom_height=&#8221;32&#8243;][vc_column_text]<i class=\"fa fa-map-marker\" style=\"color: #000000;\" aria-hidden=\"true\"><\/i> Loro Parque Fundaci\u00f3n<br \/>\nAvda. Loro Parque, 38400 Puerto de la Cruz,<br \/>\nTenerife, Islas Canarias, Espa\u00f1a<\/p>\n<p><i class=\"fa fa-phone\" style=\"color: #000000;\" aria-hidden=\"true\"><\/i> (+34) 922 373 841 (ext.: 281)<\/p>\n<p><i class=\"fa fa-envelope\" style=\"color: #000000;\" aria-hidden=\"true\"><\/i> lpf@loroparque-fundacion.org[\/vc_column_text][\/vc_column][vc_column column_padding=&#8221;no-extra-padding&#8221; column_padding_tablet=&#8221;inherit&#8221; column_padding_phone=&#8221;inherit&#8221; column_padding_position=&#8221;all&#8221; column_element_direction_desktop=&#8221;default&#8221; column_element_spacing=&#8221;default&#8221; desktop_text_alignment=&#8221;default&#8221; tablet_text_alignment=&#8221;default&#8221; phone_text_alignment=&#8221;default&#8221; background_color_opacity=&#8221;1&#8243; background_hover_color_opacity=&#8221;1&#8243; column_backdrop_filter=&#8221;none&#8221; column_shadow=&#8221;none&#8221; column_border_radius=&#8221;none&#8221; column_link_target=&#8221;_self&#8221; column_position=&#8221;default&#8221; gradient_direction=&#8221;left_to_right&#8221; overlay_strength=&#8221;0.3&#8243; width=&#8221;2\/3&#8243; tablet_width_inherit=&#8221;default&#8221; animation_type=&#8221;default&#8221; bg_image_animation=&#8221;none&#8221; border_type=&#8221;simple&#8221; column_border_width=&#8221;none&#8221; column_border_style=&#8221;solid&#8221;][vc_raw_html]JTNDZm9ybSUyMG5hbWUlM0QlMjJjb250YWN0byUyMiUzRSUwQSUwQSUzQ2RpdiUyMGNsYXNzJTNEJTIycm93JTIyJTNFJTBBJTIwJTIwJTNDZGl2JTIwY2xhc3MlM0QlMjJjb2wtbWQtOCUyMiUzRSUwQSUzQ2JyJTNFJTNDYnIlM0UlMEElMjAlMjAlMjAlMjAlMjAlMjAlMjAlMjAlM0NkaXYlM0UlMEElMjAlMjAlMjAlMjAlMjAlMjAlMjAlMjAlMjAlMjAlM0NpbnB1dCUyMHR5cGUlM0QlMjJ0ZXh0JTIyJTIwbmFtZSUzRCUyMm5vbWJyZSUyMiUyMGlkJTNEJTIybm9tYnJlJTIyJTIwcGxhY2Vob2xkZXIlM0QlMjJOYW1lJTJBJTIyJTIwY2xhc3MlM0QlMjJmb3JtLWNvbnRhY3RvJTIwZm9ybSUyMHJlZ2lzdHJvJTIyJTIwcmVxdWlyZWQlM0QlMjIlMjIlM0UlMEElMjAlMjAlMjAlMjAlMjAlMjAlMjAlMjAlMjAlMjAlM0NzcGFuJTIwY2xhc3MlM0QlMjJtc2otZXJyb3IlMjIlM0VpZSUyMG0lQzMlQkNzc2VuJTIwZWluZW4lMjBOYW1lbiUyMGFuZ2ViZW4lM0MlMkZzcGFuJTNFJTBBJTIwJTIwJTIwJTIwJTIwJTIwJTIwJTIwJTNDJTJGZGl2JTNFJTBBJTIwJTIwJTNDZGl2JTNFJTBBJTIwJTIwJTNDZGl2JTNFJTBBJTIwJTIwJTIwJTIwJTIwJTIwJTIwJTIwJTNDaW5wdXQlMjB0eXBlJTNEJTIydGV4dCUyMiUyMG5hbWUlM0QlMjJlbWFpbCUyMiUyMGlkJTNEJTIybWFpbCUyMiUyMHBsYWNlaG9sZGVyJTNEJTIyRS1tYWlsJTJBJTIyJTIwY2xhc3MlM0QlMjJmb3JtLWNvbnRhY3RvJTIwZm9ybSUyMHJlZ2lzdHJvJTIyJTIwcmVxdWlyZWQlM0QlMjIlMjIlM0UlMEElMjAlMjAlMjAlMjAlMjAlMjAlMjAlMjAlM0NzcGFuJTIwY2xhc3MlM0QlMjJtc2otZXJyb3IlMjIlM0VTaWUlMjBtJUMzJUJDc3NlbiUyMGVpbmUlMjBnJUMzJUJDbHRpZ2UlMjBFLU1haWwlMjBBZHJlc3NlJTIwYW5nZWJlbiUzQyUyRnNwYW4lM0UlMEElMjAlMjAlM0MlMkZkaXYlM0UlMEElMEElMjAlMjAlM0NkaXYlM0UlMEElMjAlMjAlMjAlMjAlMjAlMjAlMjAlMjAlM0NpbnB1dCUyMHR5cGUlM0QlMjJ0ZXh0JTIyJTIwbmFtZSUzRCUyMnBob25lJTIyJTIwaWQlM0QlMjJ0ZWxlZm9ubyUyMiUyMHBsYWNlaG9sZGVyJTNEJTIyVGVsZWZvbiUyQSUyMiUyMGNsYXNzJTNEJTIyZm9ybS1jb250YWN0byUyMGZvcm0lMjByZWdpc3RybyUyMiUyMHJlcXVpcmVkJTNEJTIyJTIyJTNFJTBBJTIwJTIwJTIwJTIwJTIwJTIwJTIwJTIwJTNDc3BhbiUyMGNsYXNzJTNEJTIybXNqLWVycm9yJTIyJTNFU2llJTIwbSVDMyVCQ3NzZW4lMjBlaW4lMjBUZWxlZm9uJTIwaGluenVmJUMzJUJDZ2VuJTNDJTJGc3BhbiUzRSUwQSUyMCUzQyUyRmRpdiUzRSUwQSUyMCUyMCUyMCUzQ2RpdiUzRSUwQSUwOSUzQ3RleHRhcmVhJTIwbmFtZSUzRCUyMmNvbnN1bHRhJTIyJTIwaWQlM0QlMjJjb25zdWx0YSUyMiUyMGNsYXNzJTNEJTIyZm9ybS1jb250YWN0byUyMGZvcm1JbnB0c19jb25zdWx0YXMlMjIlMjBwbGFjZWhvbGRlciUzRCUyMldpZSUyMGslQzMlQjZubmVuJTIwd2lyJTIwSWhuZW4lMjBoZWxmZW4lM0YlMjIlMjB0aXRsZSUzRCUyMkNvbnN1bHRhJTIyJTNFJTNDJTJGdGV4dGFyZWElM0UlMEElMjAlMjAlMjAlMjAlMjAlMjAlMjAlMjAlM0NzcGFuJTIwY2xhc3MlM0QlMjJtc2otZXJyb3IlMjIlM0VTaWUlMjBtJUMzJUJDc3NlbiUyMGVpbmUlMjBBYmZyYWdlJTIwaGluenVmJUMzJUJDZ2VuJTNDJTJGc3BhbiUzRSUwQSUyMCUyMCUyMCUzQyUyRmRpdiUzRSUzQ2JyJTNFJTBBJTIwJTIwJTIwJTIwJTIwJTIwJTIwJTIwJTNDZGl2JTNFJTBBJTA5JTIwJTIwJTNDcCUyMHN0eWxlJTNEJTIyZm9udC1zaXplJTNBMTBweCUzQiUyMG1hcmdpbi1sZWZ0JTNBJTIwNXB4JTNCJTIyJTIwY2xhc3MlM0QlMjJwLWNoZWNrJTIyJTNFJTNDaW5wdXQlMjB0eXBlJTNEJTIyY2hlY2tib3glMjIlMjBuYW1lJTNEJTIyY2hlY2slMjIlMjBpZCUzRCUyMmNoZWNrJTIyJTIwY2xhc3MlM0QlMjJmb3JtLWNvbnRhY3RvJTIwZm9ybSUyMHJlZ2lzdHJvJTIyJTIwdmFsdWUlM0QlMjIlMjIlMjByZXF1aXJlZCUzRCUyMiUyMiUzRUljaCUyMGFremVwdGllcmUlMjBkaWUlMjAlM0NhJTIwaHJlZiUzRCUyMiUyRnByaXZhY2lkYWQlMjIlMjB0YXJnZXQlM0QlMjJfYmxhbmslMjIlM0VQb2wlQzMlQUR0aWNhJTIwZGUlMjBQcml2YWNpZGFkJTNDJTJGYSUzRS4lM0MlMkZwJTNFJTBBJTIwJTIwJTIwJTIwJTIwJTIwJTIwJTIwJTIwJTIwJTNDc3BhbiUyMGNsYXNzJTNEJTIybXNqLWVycm9yJTIyJTNFU2llJTIwbSVDMyVCQ3NzZW4lMjBkaWUlMjBBbGxnZW1laW5lbiUyMEdlc2NoJUMzJUE0ZnRzYmVkaW5ndW5nZW4lMjBha3plcHRpZXJlbiUzQyUyRnNwYW4lM0UlMEElMjAlMjAlMjAlMjAlMjAlMjAlMjAlMjAlM0MlMkZkaXYlM0UlM0NiciUzRSUwQSUwQSUyMCUyMCUyMCUyMCUyMCUyMCUyMCUyMCUzQ2RpdiUzRSUwQSUyMCUyMCUyMCUyMCUyMCUyMCUyMCUyMCUyMCUyMCUyMCUzQ2RpdiUyMGNsYXNzJTNEJTIyZy1yZWNhcHRjaGElMjIlMjBuYW1lJTNEJTIycmVjYXB0Y2hhJTIyJTIwaWQlM0QlMjJyZWNhcHRjaGElMjIlMjBkYXRhLXNpdGVrZXklM0QlMjI2TGR1Rk5VaEFBQUFBSS1rOGpVNlJuUFdOVXFUZXBlS1luQ09pRGdpJTIyJTNFJTNDJTJGZGl2JTNFJTBBJTIwJTIwJTIwJTIwJTIwJTIwJTIwJTIwJTNDJTJGZGl2JTNFJTBBJTBBJTNDYnIlM0UlMEElMjAlMjAlM0NkaXYlMjBjbGFzcyUzRCUyMmNvbC1tZC04JTIyJTNFJTBBJTA5JTNDYSUyMGhyZWYlM0QlMjJqYXZhc2NyaXB0JTNBdm9pZCUyODAlMjklMjIlMjBpZCUzRCUyMmVudmlhciUyMiUzRSUzQ2RpdiUyMGNsYXNzJTNEJTIyY29uZmlybSUyMG5lY3Rhci1idXR0b24lMjBsYXJnZSUyMHJlZ3VsYXIlMjBleHRyYS1jb2xvci0xJTIwcmVndWxhci1idXR0b24lMjIlM0VXZWl0ZXJtYWNoZW4lM0MlMkZkaXYlM0UlM0MlMkZhJTNFJTBBJTNDJTJGZGl2JTNFJTBBJTBBJTA5JTA5JTNDJTJGZGl2JTNFJTBBJTA5JTNDJTJGZGl2JTNFJTBBJTNDJTJGZm9ybSUzRQ==[\/vc_raw_html][\/vc_column][\/vc_row]\n","protected":false},"excerpt":{"rendered":"<p>[vc_row type=&#8221;in_container&#8221; full_screen_row_position=&#8221;middle&#8221; column_margin=&#8221;default&#8221; column_direction=&#8221;default&#8221; column_direction_tablet=&#8221;default&#8221; column_direction_phone=&#8221;default&#8221; scene_position=&#8221;center&#8221; text_color=&#8221;dark&#8221; text_align=&#8221;left&#8221; row_border_radius=&#8221;none&#8221; row_border_radius_applies=&#8221;bg&#8221; overflow=&#8221;visible&#8221; overlay_strength=&#8221;0.3&#8243; gradient_direction=&#8221;left_to_right&#8221;&#8230;<\/p>\n","protected":false},"author":1,"featured_media":0,"parent":0,"menu_order":0,"comment_status":"closed","ping_status":"closed","template":"","meta":{"footnotes":""},"yoast_head":"<!-- This site is optimized with the Yoast SEO plugin v23.0 - https:\/\/yoast.com\/wordpress\/plugins\/seo\/ -->\n<title>Kontaktiere Loro Parque Fundaci\u00f3n<\/title>\n<meta name=\"description\" content=\"Wenden Sie sich an Loro Parque, indem Sie die f\u00fcr verschiedene Sprachen verf\u00fcgbaren Mittel f\u00fcr den Kundendienst nutzen.\" \/>\n<meta name=\"robots\" content=\"index, nofollow, max-snippet:-1, max-image-preview:large, max-video-preview:-1\" \/>\n<link rel=\"canonical\" href=\"https:\/\/www.loroparque-fundacion.org\/de\/kontakt\/\" \/>\n<meta property=\"og:locale\" content=\"de_DE\" \/>\n<meta property=\"og:type\" content=\"article\" \/>\n<meta property=\"og:title\" content=\"Kontaktiere Loro Parque Fundaci\u00f3n\" \/>\n<meta property=\"og:description\" content=\"Wenden Sie sich an Loro Parque, indem Sie die f\u00fcr verschiedene Sprachen verf\u00fcgbaren Mittel f\u00fcr den Kundendienst nutzen.\" \/>\n<meta property=\"og:url\" content=\"https:\/\/www.loroparque-fundacion.org\/de\/kontakt\/\" \/>\n<meta property=\"og:site_name\" content=\"Loro Parque Fundaci\u00f3n\" \/>\n<meta property=\"article:publisher\" content=\"https:\/\/www.facebook.com\/loroparquefundacion\/\" \/>\n<meta property=\"article:modified_time\" content=\"2024-09-16T13:53:11+00:00\" \/>\n<meta property=\"og:image\" content=\"https:\/\/www.loroparque-fundacion.org\/app\/uploads\/2022\/08\/destacadaweb.png\" \/>\n\t<meta property=\"og:image:width\" content=\"500\" \/>\n\t<meta property=\"og:image:height\" content=\"500\" \/>\n\t<meta property=\"og:image:type\" content=\"image\/png\" \/>\n<meta name=\"twitter:card\" content=\"summary_large_image\" \/>\n<meta name=\"twitter:site\" content=\"@lp__fundacion\" \/>\n<meta name=\"twitter:label1\" content=\"Est. reading time\" \/>\n\t<meta name=\"twitter:data1\" content=\"2 minutes\" \/>\n<script type=\"application\/ld+json\" class=\"yoast-schema-graph\">{\"@context\":\"https:\/\/schema.org\",\"@graph\":[{\"@type\":\"WebPage\",\"@id\":\"https:\/\/www.loroparque-fundacion.org\/de\/kontakt\/\",\"url\":\"https:\/\/www.loroparque-fundacion.org\/de\/kontakt\/\",\"name\":\"Kontaktiere Loro Parque Fundaci\u00f3n\",\"isPartOf\":{\"@id\":\"https:\/\/www.loroparque-fundacion.org\/de\/#website\"},\"datePublished\":\"2022-06-13T11:46:46+00:00\",\"dateModified\":\"2024-09-16T13:53:11+00:00\",\"description\":\"Wenden Sie sich an Loro Parque, indem Sie die f\u00fcr verschiedene Sprachen verf\u00fcgbaren Mittel f\u00fcr den Kundendienst nutzen.\",\"inLanguage\":\"de-DE\",\"potentialAction\":[{\"@type\":\"ReadAction\",\"target\":[\"https:\/\/www.loroparque-fundacion.org\/de\/kontakt\/\"]}]},{\"@type\":\"WebSite\",\"@id\":\"https:\/\/www.loroparque-fundacion.org\/de\/#website\",\"url\":\"https:\/\/www.loroparque-fundacion.org\/de\/\",\"name\":\"Loro Parque Fundaci\u00f3n\",\"description\":\"We Care - Animal Embassy - Tenerife\",\"publisher\":{\"@id\":\"https:\/\/www.loroparque-fundacion.org\/de\/#organization\"},\"potentialAction\":[{\"@type\":\"SearchAction\",\"target\":{\"@type\":\"EntryPoint\",\"urlTemplate\":\"https:\/\/www.loroparque-fundacion.org\/de\/?s={search_term_string}\"},\"query-input\":\"required name=search_term_string\"}],\"inLanguage\":\"de-DE\"},{\"@type\":\"Organization\",\"@id\":\"https:\/\/www.loroparque-fundacion.org\/de\/#organization\",\"name\":\"Loro Parque Fundaci\u00f3n\",\"url\":\"https:\/\/www.loroparque-fundacion.org\/de\/\",\"logo\":{\"@type\":\"ImageObject\",\"inLanguage\":\"de-DE\",\"@id\":\"https:\/\/www.loroparque-fundacion.org\/de\/#\/schema\/logo\/image\/\",\"url\":\"https:\/\/www.loroparque-fundacion.org\/app\/uploads\/2022\/08\/destacadaweb.png\",\"contentUrl\":\"https:\/\/www.loroparque-fundacion.org\/app\/uploads\/2022\/08\/destacadaweb.png\",\"width\":500,\"height\":500,\"caption\":\"Loro Parque Fundaci\u00f3n\"},\"image\":{\"@id\":\"https:\/\/www.loroparque-fundacion.org\/de\/#\/schema\/logo\/image\/\"},\"sameAs\":[\"https:\/\/www.facebook.com\/loroparquefundacion\/\",\"https:\/\/x.com\/lp__fundacion\",\"https:\/\/www.instagram.com\/loroparque_fundacion\/\",\"https:\/\/www.linkedin.com\/company\/loroparque\/\"]}]}<\/script>\n<!-- \/ Yoast SEO plugin. -->","yoast_head_json":{"title":"Kontaktiere Loro Parque Fundaci\u00f3n","description":"Wenden Sie sich an Loro Parque, indem Sie die f\u00fcr verschiedene Sprachen verf\u00fcgbaren Mittel f\u00fcr den Kundendienst nutzen.","robots":{"index":"index","follow":"nofollow","max-snippet":"max-snippet:-1","max-image-preview":"max-image-preview:large","max-video-preview":"max-video-preview:-1"},"canonical":"https:\/\/www.loroparque-fundacion.org\/de\/kontakt\/","og_locale":"de_DE","og_type":"article","og_title":"Kontaktiere Loro Parque Fundaci\u00f3n","og_description":"Wenden Sie sich an Loro Parque, indem Sie die f\u00fcr verschiedene Sprachen verf\u00fcgbaren Mittel f\u00fcr den Kundendienst nutzen.","og_url":"https:\/\/www.loroparque-fundacion.org\/de\/kontakt\/","og_site_name":"Loro Parque Fundaci\u00f3n","article_publisher":"https:\/\/www.facebook.com\/loroparquefundacion\/","article_modified_time":"2024-09-16T13:53:11+00:00","og_image":[{"width":500,"height":500,"url":"https:\/\/www.loroparque-fundacion.org\/app\/uploads\/2022\/08\/destacadaweb.png","type":"image\/png"}],"twitter_card":"summary_large_image","twitter_site":"@lp__fundacion","twitter_misc":{"Est. reading time":"2 minutes"},"schema":{"@context":"https:\/\/schema.org","@graph":[{"@type":"WebPage","@id":"https:\/\/www.loroparque-fundacion.org\/de\/kontakt\/","url":"https:\/\/www.loroparque-fundacion.org\/de\/kontakt\/","name":"Kontaktiere Loro Parque Fundaci\u00f3n","isPartOf":{"@id":"https:\/\/www.loroparque-fundacion.org\/de\/#website"},"datePublished":"2022-06-13T11:46:46+00:00","dateModified":"2024-09-16T13:53:11+00:00","description":"Wenden Sie sich an Loro Parque, indem Sie die f\u00fcr verschiedene Sprachen verf\u00fcgbaren Mittel f\u00fcr den Kundendienst nutzen.","inLanguage":"de-DE","potentialAction":[{"@type":"ReadAction","target":["https:\/\/www.loroparque-fundacion.org\/de\/kontakt\/"]}]},{"@type":"WebSite","@id":"https:\/\/www.loroparque-fundacion.org\/de\/#website","url":"https:\/\/www.loroparque-fundacion.org\/de\/","name":"Loro Parque Fundaci\u00f3n","description":"We Care - Animal Embassy - Tenerife","publisher":{"@id":"https:\/\/www.loroparque-fundacion.org\/de\/#organization"},"potentialAction":[{"@type":"SearchAction","target":{"@type":"EntryPoint","urlTemplate":"https:\/\/www.loroparque-fundacion.org\/de\/?s={search_term_string}"},"query-input":"required name=search_term_string"}],"inLanguage":"de-DE"},{"@type":"Organization","@id":"https:\/\/www.loroparque-fundacion.org\/de\/#organization","name":"Loro Parque Fundaci\u00f3n","url":"https:\/\/www.loroparque-fundacion.org\/de\/","logo":{"@type":"ImageObject","inLanguage":"de-DE","@id":"https:\/\/www.loroparque-fundacion.org\/de\/#\/schema\/logo\/image\/","url":"https:\/\/www.loroparque-fundacion.org\/app\/uploads\/2022\/08\/destacadaweb.png","contentUrl":"https:\/\/www.loroparque-fundacion.org\/app\/uploads\/2022\/08\/destacadaweb.png","width":500,"height":500,"caption":"Loro Parque Fundaci\u00f3n"},"image":{"@id":"https:\/\/www.loroparque-fundacion.org\/de\/#\/schema\/logo\/image\/"},"sameAs":["https:\/\/www.facebook.com\/loroparquefundacion\/","https:\/\/x.com\/lp__fundacion","https:\/\/www.instagram.com\/loroparque_fundacion\/","https:\/\/www.linkedin.com\/company\/loroparque\/"]}]}},"_links":{"self":[{"href":"https:\/\/www.loroparque-fundacion.org\/de\/wp-json\/wp\/v2\/pages\/52202"}],"collection":[{"href":"https:\/\/www.loroparque-fundacion.org\/de\/wp-json\/wp\/v2\/pages"}],"about":[{"href":"https:\/\/www.loroparque-fundacion.org\/de\/wp-json\/wp\/v2\/types\/page"}],"author":[{"embeddable":true,"href":"https:\/\/www.loroparque-fundacion.org\/de\/wp-json\/wp\/v2\/users\/1"}],"replies":[{"embeddable":true,"href":"https:\/\/www.loroparque-fundacion.org\/de\/wp-json\/wp\/v2\/comments?post=52202"}],"version-history":[{"count":12,"href":"https:\/\/www.loroparque-fundacion.org\/de\/wp-json\/wp\/v2\/pages\/52202\/revisions"}],"predecessor-version":[{"id":52984,"href":"https:\/\/www.loroparque-fundacion.org\/de\/wp-json\/wp\/v2\/pages\/52202\/revisions\/52984"}],"wp:attachment":[{"href":"https:\/\/www.loroparque-fundacion.org\/de\/wp-json\/wp\/v2\/media?parent=52202"}],"curies":[{"name":"wp","href":"https:\/\/api.w.org\/{rel}","templated":true}]}}