{"id":52269,"date":"2022-09-06T18:17:49","date_gmt":"2022-09-06T18:17:49","guid":{"rendered":"https:\/\/www.loroparque-fundacion.org\/?page_id=52269"},"modified":"2024-09-23T13:24:13","modified_gmt":"2024-09-23T13:24:13","slug":"baerbel-koehler","status":"publish","type":"page","link":"https:\/\/www.loroparque-fundacion.org\/de\/baerbel-koehler\/","title":{"rendered":"B\u00e4rbel K\u00f6hler"},"content":{"rendered":"[vc_row type=&#8221;in_container&#8221; full_screen_row_position=&#8221;middle&#8221; column_margin=&#8221;default&#8221; equal_height=&#8221;yes&#8221; content_placement=&#8221;top&#8221; column_direction=&#8221;default&#8221; column_direction_tablet=&#8221;default&#8221; column_direction_phone=&#8221;default&#8221; scene_position=&#8221;center&#8221; text_color=&#8221;dark&#8221; text_align=&#8221;left&#8221; row_border_radius=&#8221;none&#8221; row_border_radius_applies=&#8221;bg&#8221; overflow=&#8221;visible&#8221; overlay_strength=&#8221;0.3&#8243; gradient_direction=&#8221;left_to_right&#8221; shape_divider_position=&#8221;bottom&#8221; bg_image_animation=&#8221;none&#8221; gradient_type=&#8221;default&#8221; shape_type=&#8221;&#8221;][vc_column column_padding=&#8221;no-extra-padding&#8221; column_padding_tablet=&#8221;inherit&#8221; column_padding_phone=&#8221;inherit&#8221; column_padding_position=&#8221;all&#8221; column_element_direction_desktop=&#8221;default&#8221; column_element_spacing=&#8221;default&#8221; desktop_text_alignment=&#8221;default&#8221; tablet_text_alignment=&#8221;default&#8221; phone_text_alignment=&#8221;default&#8221; background_color_opacity=&#8221;1&#8243; background_hover_color_opacity=&#8221;1&#8243; column_backdrop_filter=&#8221;none&#8221; column_shadow=&#8221;none&#8221; column_border_radius=&#8221;none&#8221; column_link_target=&#8221;_self&#8221; column_position=&#8221;default&#8221; gradient_direction=&#8221;left_to_right&#8221; overlay_strength=&#8221;0.3&#8243; width=&#8221;1\/3&#8243; tablet_width_inherit=&#8221;default&#8221; animation_type=&#8221;default&#8221; bg_image_animation=&#8221;none&#8221; border_type=&#8221;simple&#8221; column_border_width=&#8221;none&#8221; column_border_style=&#8221;solid&#8221;][image_with_animation image_url=&#8221;45760&#8243; image_size=&#8221;full&#8221; animation_type=&#8221;entrance&#8221; animation=&#8221;None&#8221; animation_movement_type=&#8221;transform_y&#8221; hover_animation=&#8221;none&#8221; alignment=&#8221;&#8221; border_radius=&#8221;none&#8221; box_shadow=&#8221;none&#8221; image_loading=&#8221;default&#8221; max_width=&#8221;100%&#8221; max_width_mobile=&#8221;default&#8221;][\/vc_column][vc_column column_padding=&#8221;no-extra-padding&#8221; column_padding_tablet=&#8221;inherit&#8221; column_padding_phone=&#8221;inherit&#8221; column_padding_position=&#8221;all&#8221; column_element_direction_desktop=&#8221;default&#8221; column_element_spacing=&#8221;default&#8221; desktop_text_alignment=&#8221;default&#8221; tablet_text_alignment=&#8221;default&#8221; phone_text_alignment=&#8221;default&#8221; background_color_opacity=&#8221;1&#8243; background_hover_color_opacity=&#8221;1&#8243; column_backdrop_filter=&#8221;none&#8221; column_shadow=&#8221;none&#8221; column_border_radius=&#8221;none&#8221; column_link_target=&#8221;_self&#8221; column_position=&#8221;default&#8221; gradient_direction=&#8221;left_to_right&#8221; overlay_strength=&#8221;0.3&#8243; width=&#8221;2\/3&#8243; tablet_width_inherit=&#8221;default&#8221; animation_type=&#8221;default&#8221; bg_image_animation=&#8221;none&#8221; border_type=&#8221;simple&#8221; column_border_width=&#8221;none&#8221; column_border_style=&#8221;solid&#8221;][vc_column_text]\n<h3>B\u00e4rbel K\u00f6hler<\/h3>\n<p>B\u00e4rbel K\u00f6hler arbeitet f\u00fcr Abaxis \/ Zoetis, einen US-amerikanischen Hersteller von Tierarzneimitteln und Impfstoffen f\u00fcr Haustiere und Nutztiere.<\/p>\n<p>Nach ihrer Ausbildung zur Medizinisch-Technischen Laboratoriums Assistentin (MTLA) an der Wilhelms-Universit\u00e4t M\u00fcnster absolvierte sie ein Studium zur zur medizinischen Lehrkraft mit den Schwerpunkten H\u00e4matologie, Klinische Chemie und Tropenmedizin f\u00fcr Human- und Veterin\u00e4rmedizin an der Universit\u00e4t M\u00fcnster und am Tier\u00e4rztlichen Untersuchungsamt M\u00fcnster.<\/p>\n<p>Derzeit ist sie die internationale Projektmanagerin des Unternehmens und hat im diagnostischen Labor und in der Ausbildung in der Primatendiagnostik gearbeitet, z.B. Gorilla Doctors Dian Fossy Ruanda, Uganda, Kongo, Jane Goodall Schimpansen Projekte, Indonesien: Orang-Utan-Projekte.<\/p>\n<p>Exotische Papageienprojekte mit Wildtierprojekten in der ganzen Welt, wo sie Vortr\u00e4ge, Workshops und Schulungskurse gehalten hat.<\/p>\n<p>Mitglied mehrerer einschl\u00e4giger Organisationen, darunter der Orang-Utan-Beratungsgruppe (OVAG) und Botschafterin der Loro Parque Fundaci\u00f3n.[\/vc_column_text][divider line_type=&#8221;No Line&#8221;][nectar_btn size=&#8221;large&#8221; button_style=&#8221;regular&#8221; button_color_2=&#8221;Accent-Color&#8221; icon_family=&#8221;none&#8221; text=&#8221;Zur\u00fcck&#8221; url=&#8221;https:\/\/www.loroparque-fundacion.org\/de\/wer-wir-sind\/#embajadores&#8221;][\/vc_column][\/vc_row][vc_row type=&#8221;in_container&#8221; full_screen_row_position=&#8221;middle&#8221; column_margin=&#8221;default&#8221; column_direction=&#8221;default&#8221; column_direction_tablet=&#8221;default&#8221; column_direction_phone=&#8221;default&#8221; scene_position=&#8221;center&#8221; top_padding=&#8221;4%&#8221; bottom_padding=&#8221;3%&#8221; left_padding_tablet=&#8221;8%&#8221; constrain_group_4=&#8221;yes&#8221; right_padding_tablet=&#8221;8%&#8221; text_color=&#8221;dark&#8221; text_align=&#8221;center&#8221; row_border_radius=&#8221;none&#8221; row_border_radius_applies=&#8221;bg&#8221; overflow=&#8221;visible&#8221; id=&#8221;embajadores&#8221; advanced_gradient_angle=&#8221;0&#8243; overlay_strength=&#8221;0.3&#8243; gradient_direction=&#8221;left_to_right&#8221; shape_divider_position=&#8221;bottom&#8221; bg_image_animation=&#8221;none&#8221; gradient_type=&#8221;default&#8221; shape_type=&#8221;&#8221;][vc_column column_padding=&#8221;no-extra-padding&#8221; column_padding_tablet=&#8221;inherit&#8221; column_padding_phone=&#8221;inherit&#8221; column_padding_position=&#8221;all&#8221; column_element_direction_desktop=&#8221;default&#8221; column_element_spacing=&#8221;0px&#8221; desktop_text_alignment=&#8221;default&#8221; tablet_text_alignment=&#8221;default&#8221; phone_text_alignment=&#8221;default&#8221; background_color_opacity=&#8221;1&#8243; background_hover_color_opacity=&#8221;1&#8243; column_backdrop_filter=&#8221;none&#8221; column_shadow=&#8221;none&#8221; column_border_radius=&#8221;none&#8221; column_link_target=&#8221;_self&#8221; column_position=&#8221;default&#8221; gradient_direction=&#8221;left_to_right&#8221; overlay_strength=&#8221;0.3&#8243; width=&#8221;1\/1&#8243; tablet_width_inherit=&#8221;default&#8221; animation_type=&#8221;default&#8221; bg_image_animation=&#8221;none&#8221; border_type=&#8221;simple&#8221; column_border_width=&#8221;none&#8221; column_border_style=&#8221;solid&#8221; gradient_type=&#8221;default&#8221;][carousel script=&#8221;owl_carousel&#8221; desktop_cols=&#8221;4&#8243; desktop_small_cols=&#8221;4&#8243; tablet_cols=&#8221;2&#8243; mobile_cols=&#8221;1&#8243; column_padding=&#8221;20px&#8221; loop=&#8221;true&#8221; autorotate=&#8221;true&#8221; autorotate_type=&#8221;default&#8221;][item simple_slider_bg_image_position=&#8221;default&#8221; simple_slider_overlay_strength=&#8221;0.3&#8243; simple_slider_bg_image_loading=&#8221;default&#8221; id=&#8221;1665666682706-7&#8243; tab_id=&#8221;1665666682707-6&#8243; title=&#8221;Elemento&#8221;][image_with_animation image_url=&#8221;45760&#8243; image_size=&#8221;full&#8221; animation_type=&#8221;entrance&#8221; animation=&#8221;Fade In&#8221; animation_easing=&#8221;default&#8221; animation_movement_type=&#8221;transform_y&#8221; hover_animation=&#8221;none&#8221; alignment=&#8221;center&#8221; border_radius=&#8221;none&#8221; box_shadow=&#8221;none&#8221; image_loading=&#8221;default&#8221; max_width=&#8221;100%&#8221; max_width_mobile=&#8221;default&#8221; img_link=&#8221;https:\/\/www.loroparque-fundacion.org\/de\/barbel-kohler\/&#8221;][vc_column_text]<span style=\"text-align: center; font-size: 24px; line-height: 30px;\">B\u00e4rbel K\u00f6hler<\/span><\/p>\n<p><strong><span style=\"font-family: 'Switzer', sans-serif; font-size: 14px; letter-spacing: 1.4px;\">DEUTSCHLAND<\/span><\/strong>[\/vc_column_text][\/item][item simple_slider_bg_image_position=&#8221;default&#8221; simple_slider_overlay_strength=&#8221;0.3&#8243; simple_slider_bg_image_loading=&#8221;default&#8221; id=&#8221;1665666682763-10&#8243; tab_id=&#8221;1665666682764-8&#8243; title=&#8221;Elemento&#8221;][image_with_animation image_url=&#8221;45763&#8243; image_size=&#8221;full&#8221; animation_type=&#8221;entrance&#8221; animation=&#8221;Fade In&#8221; animation_easing=&#8221;default&#8221; animation_movement_type=&#8221;transform_y&#8221; hover_animation=&#8221;none&#8221; alignment=&#8221;center&#8221; border_radius=&#8221;none&#8221; box_shadow=&#8221;none&#8221; image_loading=&#8221;default&#8221; max_width=&#8221;100%&#8221; max_width_mobile=&#8221;default&#8221; img_link=&#8221;https:\/\/www.loroparque-fundacion.org\/de\/alena-winner\/&#8221;][vc_column_text]<span style=\"text-align: center; font-size: 24px; line-height: 30px;\">Alena Winner<\/span><\/p>\n<p><strong><span style=\"font-family: 'Switzer', sans-serif; font-size: 14px; letter-spacing: 1.4px;\">TSCHECHISCHE REPUBLIK<\/span><\/strong>[\/vc_column_text][\/item][item simple_slider_bg_image_position=&#8221;default&#8221; simple_slider_overlay_strength=&#8221;0.3&#8243; simple_slider_bg_image_loading=&#8221;default&#8221; id=&#8221;1665666682816-9&#8243; tab_id=&#8221;1665666682817-2&#8243; title=&#8221;Elemento&#8221;][image_with_animation image_url=&#8221;45766&#8243; image_size=&#8221;full&#8221; animation_type=&#8221;entrance&#8221; animation=&#8221;Fade In&#8221; animation_easing=&#8221;default&#8221; animation_movement_type=&#8221;transform_y&#8221; hover_animation=&#8221;none&#8221; alignment=&#8221;center&#8221; border_radius=&#8221;none&#8221; box_shadow=&#8221;none&#8221; image_loading=&#8221;default&#8221; max_width=&#8221;100%&#8221; max_width_mobile=&#8221;default&#8221; img_link=&#8221;https:\/\/www.loroparque-fundacion.org\/de\/dr-matthias-reinschmidt\/&#8221;][vc_column_text]<span style=\"text-align: center; font-size: 24px; line-height: 30px;\">Matthias Reinschmidt<\/span><\/p>\n<p><strong><span style=\"font-family: 'Switzer', sans-serif; font-size: 14px; letter-spacing: 1.4px;\">DEUTSCHLAND<\/span><\/strong>[\/vc_column_text][\/item][item simple_slider_bg_image_position=&#8221;default&#8221; simple_slider_overlay_strength=&#8221;0.3&#8243; simple_slider_bg_image_loading=&#8221;default&#8221; id=&#8221;1665666682863-2&#8243; tab_id=&#8221;1665666682864-1&#8243; title=&#8221;Elemento&#8221;][image_with_animation image_url=&#8221;45769&#8243; image_size=&#8221;full&#8221; animation_type=&#8221;entrance&#8221; animation=&#8221;Fade In&#8221; animation_easing=&#8221;default&#8221; animation_movement_type=&#8221;transform_y&#8221; hover_animation=&#8221;none&#8221; alignment=&#8221;center&#8221; border_radius=&#8221;none&#8221; box_shadow=&#8221;none&#8221; image_loading=&#8221;default&#8221; max_width=&#8221;100%&#8221; max_width_mobile=&#8221;default&#8221; img_link=&#8221;https:\/\/www.loroparque-fundacion.org\/de\/sergio-rodriguez-gomez\/&#8221;][vc_column_text]<span style=\"text-align: center; font-size: 24px; line-height: 30px;\">Sergio Rodr\u00edguez G\u00f3mez<\/span><\/p>\n<p><strong><span style=\"font-family: 'Switzer', sans-serif; font-size: 14px; letter-spacing: 1.4px;\">SPANIEN<\/span><\/strong>[\/vc_column_text][\/item][item simple_slider_bg_image_position=&#8221;default&#8221; simple_slider_overlay_strength=&#8221;0.3&#8243; simple_slider_bg_image_loading=&#8221;default&#8221; id=&#8221;1665666682905-9&#8243; tab_id=&#8221;1665666682907-7&#8243; title=&#8221;Elemento&#8221;][image_with_animation image_url=&#8221;45772&#8243; image_size=&#8221;full&#8221; animation_type=&#8221;entrance&#8221; animation=&#8221;Fade In&#8221; animation_easing=&#8221;default&#8221; animation_movement_type=&#8221;transform_y&#8221; hover_animation=&#8221;none&#8221; alignment=&#8221;center&#8221; border_radius=&#8221;none&#8221; box_shadow=&#8221;none&#8221; image_loading=&#8221;default&#8221; max_width=&#8221;100%&#8221; max_width_mobile=&#8221;default&#8221; img_link=&#8221;https:\/\/www.loroparque-fundacion.org\/de\/rosendo-alvarez\/&#8221;][vc_column_text]<span style=\"text-align: center; font-size: 24px; line-height: 30px;\">Rosendo \u00c1lvarez<\/span><\/p>\n<p><strong><span style=\"font-family: 'Switzer', sans-serif; font-size: 14px; letter-spacing: 1.4px;\">SPANIEN<\/span><\/strong>[\/vc_column_text][\/item][item simple_slider_bg_image_position=&#8221;default&#8221; simple_slider_overlay_strength=&#8221;0.3&#8243; simple_slider_bg_image_loading=&#8221;default&#8221; id=&#8221;1665666682951-2&#8243; tab_id=&#8221;1665666682951-0&#8243; title=&#8221;Elemento&#8221;][image_with_animation image_url=&#8221;45776&#8243; image_size=&#8221;full&#8221; animation_type=&#8221;entrance&#8221; animation=&#8221;Fade In&#8221; animation_easing=&#8221;default&#8221; animation_movement_type=&#8221;transform_y&#8221; hover_animation=&#8221;none&#8221; alignment=&#8221;center&#8221; border_radius=&#8221;none&#8221; box_shadow=&#8221;none&#8221; image_loading=&#8221;default&#8221; max_width=&#8221;100%&#8221; max_width_mobile=&#8221;default&#8221; img_link=&#8221;https:\/\/www.loroparque-fundacion.org\/de\/anil-garg\/&#8221;][vc_column_text]<span style=\"text-align: center; font-size: 24px; line-height: 30px;\">Anil Garg<\/span><\/p>\n<p><strong><span style=\"font-family: 'Switzer', sans-serif; font-size: 14px; letter-spacing: 1.4px;\">INDIEN<\/span><\/strong>[\/vc_column_text][\/item][item simple_slider_bg_image_position=&#8221;default&#8221; simple_slider_overlay_strength=&#8221;0.3&#8243; simple_slider_bg_image_loading=&#8221;default&#8221; id=&#8221;1665666682991-10&#8243; tab_id=&#8221;1665666682992-1&#8243; title=&#8221;Elemento&#8221;][image_with_animation image_url=&#8221;45779&#8243; image_size=&#8221;full&#8221; animation_type=&#8221;entrance&#8221; animation=&#8221;Fade In&#8221; animation_easing=&#8221;default&#8221; animation_movement_type=&#8221;transform_y&#8221; hover_animation=&#8221;none&#8221; alignment=&#8221;center&#8221; border_radius=&#8221;none&#8221; box_shadow=&#8221;none&#8221; image_loading=&#8221;default&#8221; max_width=&#8221;100%&#8221; max_width_mobile=&#8221;default&#8221; img_link=&#8221;https:\/\/www.loroparque-fundacion.org\/de\/bjorn-dunkerbeck\/&#8221;][vc_column_text]<span style=\"text-align: center; font-size: 24px; line-height: 30px;\">Bj\u00f6rn Dunkerbeck<\/span><\/p>\n<p><strong><span style=\"font-family: 'Switzer', sans-serif; font-size: 14px; letter-spacing: 1.4px;\">SPANIEN<\/span><\/strong>[\/vc_column_text][\/item][item simple_slider_bg_image_position=&#8221;default&#8221; simple_slider_overlay_strength=&#8221;0.3&#8243; simple_slider_bg_image_loading=&#8221;default&#8221; id=&#8221;1665666683032-8&#8243; tab_id=&#8221;1665666683033-10&#8243; title=&#8221;Elemento&#8221;][image_with_animation image_url=&#8221;47542&#8243; image_size=&#8221;full&#8221; animation_type=&#8221;entrance&#8221; animation=&#8221;Fade In&#8221; animation_easing=&#8221;default&#8221; animation_movement_type=&#8221;transform_y&#8221; hover_animation=&#8221;none&#8221; alignment=&#8221;center&#8221; border_radius=&#8221;none&#8221; box_shadow=&#8221;none&#8221; image_loading=&#8221;default&#8221; max_width=&#8221;100%&#8221; max_width_mobile=&#8221;default&#8221; img_link=&#8221;https:\/\/www.loroparque-fundacion.org\/de\/frank-elstner\/&#8221;][vc_column_text]<span style=\"text-align: center; font-size: 24px; line-height: 30px;\">Frank Elstner<\/span><\/p>\n<p><strong><span style=\"font-family: 'Switzer', sans-serif; font-size: 14px; letter-spacing: 1.4px;\">DEUTSCHLAND<\/span><\/strong>[\/vc_column_text][\/item][\/carousel][\/vc_column][\/vc_row]\n","protected":false},"excerpt":{"rendered":"<p>[vc_row type=&#8221;in_container&#8221; full_screen_row_position=&#8221;middle&#8221; column_margin=&#8221;default&#8221; equal_height=&#8221;yes&#8221; content_placement=&#8221;top&#8221; column_direction=&#8221;default&#8221; column_direction_tablet=&#8221;default&#8221; column_direction_phone=&#8221;default&#8221; scene_position=&#8221;center&#8221; text_color=&#8221;dark&#8221; text_align=&#8221;left&#8221; row_border_radius=&#8221;none&#8221; row_border_radius_applies=&#8221;bg&#8221; overflow=&#8221;visible&#8221;&#8230;<\/p>\n","protected":false},"author":1,"featured_media":0,"parent":0,"menu_order":0,"comment_status":"closed","ping_status":"closed","template":"","meta":{"footnotes":""},"yoast_head":"<!-- This site is optimized with the Yoast SEO plugin v23.0 - https:\/\/yoast.com\/wordpress\/plugins\/seo\/ -->\n<title>Lerne B\u00e4rbel K\u00f6hler kennen<\/title>\n<meta name=\"description\" content=\"B\u00e4rbel K\u00f6hler ist internationale Projektmanagerin bei Abaxis\/Zoetis und spezialisiert auf Veterin\u00e4rdiagnostik und Schulungen f\u00fcr exotische Tiere weltweit.\" \/>\n<meta name=\"robots\" content=\"index, nofollow, max-snippet:-1, max-image-preview:large, max-video-preview:-1\" \/>\n<link rel=\"canonical\" href=\"https:\/\/www.loroparque-fundacion.org\/de\/baerbel-koehler\/\" \/>\n<meta property=\"og:locale\" content=\"de_DE\" \/>\n<meta property=\"og:type\" content=\"article\" \/>\n<meta property=\"og:title\" content=\"Lerne B\u00e4rbel K\u00f6hler kennen\" \/>\n<meta property=\"og:description\" content=\"B\u00e4rbel K\u00f6hler ist internationale Projektmanagerin bei Abaxis\/Zoetis und spezialisiert auf Veterin\u00e4rdiagnostik und Schulungen f\u00fcr exotische Tiere weltweit.\" \/>\n<meta property=\"og:url\" content=\"https:\/\/www.loroparque-fundacion.org\/de\/baerbel-koehler\/\" \/>\n<meta property=\"og:site_name\" content=\"Loro Parque Fundaci\u00f3n\" \/>\n<meta property=\"article:publisher\" content=\"https:\/\/www.facebook.com\/loroparquefundacion\/\" \/>\n<meta property=\"article:modified_time\" content=\"2024-09-23T13:24:13+00:00\" \/>\n<meta property=\"og:image\" content=\"https:\/\/www.loroparque-fundacion.org\/app\/uploads\/2022\/08\/destacadaweb.png\" \/>\n\t<meta property=\"og:image:width\" content=\"500\" \/>\n\t<meta property=\"og:image:height\" content=\"500\" \/>\n\t<meta property=\"og:image:type\" content=\"image\/png\" \/>\n<meta name=\"twitter:card\" content=\"summary_large_image\" \/>\n<meta name=\"twitter:site\" content=\"@lp__fundacion\" \/>\n<meta name=\"twitter:label1\" content=\"Est. reading time\" \/>\n\t<meta name=\"twitter:data1\" content=\"5 minutes\" \/>\n<script type=\"application\/ld+json\" class=\"yoast-schema-graph\">{\"@context\":\"https:\/\/schema.org\",\"@graph\":[{\"@type\":\"WebPage\",\"@id\":\"https:\/\/www.loroparque-fundacion.org\/de\/baerbel-koehler\/\",\"url\":\"https:\/\/www.loroparque-fundacion.org\/de\/baerbel-koehler\/\",\"name\":\"Lerne B\u00e4rbel K\u00f6hler kennen\",\"isPartOf\":{\"@id\":\"https:\/\/www.loroparque-fundacion.org\/de\/#website\"},\"datePublished\":\"2022-09-06T18:17:49+00:00\",\"dateModified\":\"2024-09-23T13:24:13+00:00\",\"description\":\"B\u00e4rbel K\u00f6hler ist internationale Projektmanagerin bei Abaxis\/Zoetis und spezialisiert auf Veterin\u00e4rdiagnostik und Schulungen f\u00fcr exotische Tiere weltweit.\",\"inLanguage\":\"de-DE\",\"potentialAction\":[{\"@type\":\"ReadAction\",\"target\":[\"https:\/\/www.loroparque-fundacion.org\/de\/baerbel-koehler\/\"]}]},{\"@type\":\"WebSite\",\"@id\":\"https:\/\/www.loroparque-fundacion.org\/de\/#website\",\"url\":\"https:\/\/www.loroparque-fundacion.org\/de\/\",\"name\":\"Loro Parque Fundaci\u00f3n\",\"description\":\"We Care - Animal Embassy - Tenerife\",\"publisher\":{\"@id\":\"https:\/\/www.loroparque-fundacion.org\/de\/#organization\"},\"potentialAction\":[{\"@type\":\"SearchAction\",\"target\":{\"@type\":\"EntryPoint\",\"urlTemplate\":\"https:\/\/www.loroparque-fundacion.org\/de\/?s={search_term_string}\"},\"query-input\":\"required name=search_term_string\"}],\"inLanguage\":\"de-DE\"},{\"@type\":\"Organization\",\"@id\":\"https:\/\/www.loroparque-fundacion.org\/de\/#organization\",\"name\":\"Loro Parque Fundaci\u00f3n\",\"url\":\"https:\/\/www.loroparque-fundacion.org\/de\/\",\"logo\":{\"@type\":\"ImageObject\",\"inLanguage\":\"de-DE\",\"@id\":\"https:\/\/www.loroparque-fundacion.org\/de\/#\/schema\/logo\/image\/\",\"url\":\"https:\/\/www.loroparque-fundacion.org\/app\/uploads\/2022\/08\/destacadaweb.png\",\"contentUrl\":\"https:\/\/www.loroparque-fundacion.org\/app\/uploads\/2022\/08\/destacadaweb.png\",\"width\":500,\"height\":500,\"caption\":\"Loro Parque Fundaci\u00f3n\"},\"image\":{\"@id\":\"https:\/\/www.loroparque-fundacion.org\/de\/#\/schema\/logo\/image\/\"},\"sameAs\":[\"https:\/\/www.facebook.com\/loroparquefundacion\/\",\"https:\/\/x.com\/lp__fundacion\",\"https:\/\/www.instagram.com\/loroparque_fundacion\/\",\"https:\/\/www.linkedin.com\/company\/loroparque\/\"]}]}<\/script>\n<!-- \/ Yoast SEO plugin. -->","yoast_head_json":{"title":"Lerne B\u00e4rbel K\u00f6hler kennen","description":"B\u00e4rbel K\u00f6hler ist internationale Projektmanagerin bei Abaxis\/Zoetis und spezialisiert auf Veterin\u00e4rdiagnostik und Schulungen f\u00fcr exotische Tiere weltweit.","robots":{"index":"index","follow":"nofollow","max-snippet":"max-snippet:-1","max-image-preview":"max-image-preview:large","max-video-preview":"max-video-preview:-1"},"canonical":"https:\/\/www.loroparque-fundacion.org\/de\/baerbel-koehler\/","og_locale":"de_DE","og_type":"article","og_title":"Lerne B\u00e4rbel K\u00f6hler kennen","og_description":"B\u00e4rbel K\u00f6hler ist internationale Projektmanagerin bei Abaxis\/Zoetis und spezialisiert auf Veterin\u00e4rdiagnostik und Schulungen f\u00fcr exotische Tiere weltweit.","og_url":"https:\/\/www.loroparque-fundacion.org\/de\/baerbel-koehler\/","og_site_name":"Loro Parque Fundaci\u00f3n","article_publisher":"https:\/\/www.facebook.com\/loroparquefundacion\/","article_modified_time":"2024-09-23T13:24:13+00:00","og_image":[{"width":500,"height":500,"url":"https:\/\/www.loroparque-fundacion.org\/app\/uploads\/2022\/08\/destacadaweb.png","type":"image\/png"}],"twitter_card":"summary_large_image","twitter_site":"@lp__fundacion","twitter_misc":{"Est. reading time":"5 minutes"},"schema":{"@context":"https:\/\/schema.org","@graph":[{"@type":"WebPage","@id":"https:\/\/www.loroparque-fundacion.org\/de\/baerbel-koehler\/","url":"https:\/\/www.loroparque-fundacion.org\/de\/baerbel-koehler\/","name":"Lerne B\u00e4rbel K\u00f6hler kennen","isPartOf":{"@id":"https:\/\/www.loroparque-fundacion.org\/de\/#website"},"datePublished":"2022-09-06T18:17:49+00:00","dateModified":"2024-09-23T13:24:13+00:00","description":"B\u00e4rbel K\u00f6hler ist internationale Projektmanagerin bei Abaxis\/Zoetis und spezialisiert auf Veterin\u00e4rdiagnostik und Schulungen f\u00fcr exotische Tiere weltweit.","inLanguage":"de-DE","potentialAction":[{"@type":"ReadAction","target":["https:\/\/www.loroparque-fundacion.org\/de\/baerbel-koehler\/"]}]},{"@type":"WebSite","@id":"https:\/\/www.loroparque-fundacion.org\/de\/#website","url":"https:\/\/www.loroparque-fundacion.org\/de\/","name":"Loro Parque Fundaci\u00f3n","description":"We Care - Animal Embassy - Tenerife","publisher":{"@id":"https:\/\/www.loroparque-fundacion.org\/de\/#organization"},"potentialAction":[{"@type":"SearchAction","target":{"@type":"EntryPoint","urlTemplate":"https:\/\/www.loroparque-fundacion.org\/de\/?s={search_term_string}"},"query-input":"required name=search_term_string"}],"inLanguage":"de-DE"},{"@type":"Organization","@id":"https:\/\/www.loroparque-fundacion.org\/de\/#organization","name":"Loro Parque Fundaci\u00f3n","url":"https:\/\/www.loroparque-fundacion.org\/de\/","logo":{"@type":"ImageObject","inLanguage":"de-DE","@id":"https:\/\/www.loroparque-fundacion.org\/de\/#\/schema\/logo\/image\/","url":"https:\/\/www.loroparque-fundacion.org\/app\/uploads\/2022\/08\/destacadaweb.png","contentUrl":"https:\/\/www.loroparque-fundacion.org\/app\/uploads\/2022\/08\/destacadaweb.png","width":500,"height":500,"caption":"Loro Parque Fundaci\u00f3n"},"image":{"@id":"https:\/\/www.loroparque-fundacion.org\/de\/#\/schema\/logo\/image\/"},"sameAs":["https:\/\/www.facebook.com\/loroparquefundacion\/","https:\/\/x.com\/lp__fundacion","https:\/\/www.instagram.com\/loroparque_fundacion\/","https:\/\/www.linkedin.com\/company\/loroparque\/"]}]}},"_links":{"self":[{"href":"https:\/\/www.loroparque-fundacion.org\/de\/wp-json\/wp\/v2\/pages\/52269"}],"collection":[{"href":"https:\/\/www.loroparque-fundacion.org\/de\/wp-json\/wp\/v2\/pages"}],"about":[{"href":"https:\/\/www.loroparque-fundacion.org\/de\/wp-json\/wp\/v2\/types\/page"}],"author":[{"embeddable":true,"href":"https:\/\/www.loroparque-fundacion.org\/de\/wp-json\/wp\/v2\/users\/1"}],"replies":[{"embeddable":true,"href":"https:\/\/www.loroparque-fundacion.org\/de\/wp-json\/wp\/v2\/comments?post=52269"}],"version-history":[{"count":5,"href":"https:\/\/www.loroparque-fundacion.org\/de\/wp-json\/wp\/v2\/pages\/52269\/revisions"}],"predecessor-version":[{"id":54443,"href":"https:\/\/www.loroparque-fundacion.org\/de\/wp-json\/wp\/v2\/pages\/52269\/revisions\/54443"}],"wp:attachment":[{"href":"https:\/\/www.loroparque-fundacion.org\/de\/wp-json\/wp\/v2\/media?parent=52269"}],"curies":[{"name":"wp","href":"https:\/\/api.w.org\/{rel}","templated":true}]}}