{"id":52293,"date":"2022-09-02T13:01:26","date_gmt":"2022-09-02T13:01:26","guid":{"rendered":"https:\/\/www.loroparque-fundacion.org\/?page_id=52293"},"modified":"2022-10-13T13:36:32","modified_gmt":"2022-10-13T13:36:32","slug":"vermaechtnis-und-vererbung","status":"publish","type":"page","link":"https:\/\/www.loroparque-fundacion.org\/de\/vermaechtnis-und-vererbung\/","title":{"rendered":"Verm\u00e4chtnis und Vererbung"},"content":{"rendered":"[vc_row type=&#8221;in_container&#8221; full_screen_row_position=&#8221;middle&#8221; column_margin=&#8221;default&#8221; column_direction=&#8221;default&#8221; column_direction_tablet=&#8221;default&#8221; column_direction_phone=&#8221;default&#8221; scene_position=&#8221;center&#8221; text_color=&#8221;dark&#8221; text_align=&#8221;left&#8221; row_border_radius=&#8221;none&#8221; row_border_radius_applies=&#8221;bg&#8221; overflow=&#8221;visible&#8221; overlay_strength=&#8221;0.3&#8243; gradient_direction=&#8221;left_to_right&#8221; shape_divider_position=&#8221;bottom&#8221; bg_image_animation=&#8221;none&#8221;][vc_column column_padding=&#8221;no-extra-padding&#8221; column_padding_tablet=&#8221;inherit&#8221; column_padding_phone=&#8221;inherit&#8221; column_padding_position=&#8221;all&#8221; column_element_direction_desktop=&#8221;default&#8221; column_element_spacing=&#8221;default&#8221; desktop_text_alignment=&#8221;default&#8221; tablet_text_alignment=&#8221;default&#8221; phone_text_alignment=&#8221;default&#8221; background_color_opacity=&#8221;1&#8243; background_hover_color_opacity=&#8221;1&#8243; column_backdrop_filter=&#8221;none&#8221; column_shadow=&#8221;none&#8221; column_border_radius=&#8221;none&#8221; column_link_target=&#8221;_self&#8221; column_position=&#8221;default&#8221; gradient_direction=&#8221;left_to_right&#8221; overlay_strength=&#8221;0.3&#8243; width=&#8221;1\/6&#8243; tablet_width_inherit=&#8221;default&#8221; animation_type=&#8221;default&#8221; bg_image_animation=&#8221;none&#8221; border_type=&#8221;simple&#8221; column_border_width=&#8221;none&#8221; column_border_style=&#8221;solid&#8221;][\/vc_column][vc_column column_padding=&#8221;no-extra-padding&#8221; column_padding_tablet=&#8221;inherit&#8221; column_padding_phone=&#8221;inherit&#8221; column_padding_position=&#8221;all&#8221; column_element_direction_desktop=&#8221;default&#8221; column_element_spacing=&#8221;default&#8221; desktop_text_alignment=&#8221;default&#8221; tablet_text_alignment=&#8221;default&#8221; phone_text_alignment=&#8221;default&#8221; background_color_opacity=&#8221;1&#8243; background_hover_color_opacity=&#8221;1&#8243; column_backdrop_filter=&#8221;none&#8221; column_shadow=&#8221;none&#8221; column_border_radius=&#8221;none&#8221; column_link_target=&#8221;_self&#8221; column_position=&#8221;default&#8221; gradient_direction=&#8221;left_to_right&#8221; overlay_strength=&#8221;0.3&#8243; width=&#8221;2\/3&#8243; tablet_width_inherit=&#8221;default&#8221; animation_type=&#8221;default&#8221; bg_image_animation=&#8221;none&#8221; border_type=&#8221;simple&#8221; column_border_width=&#8221;none&#8221; column_border_style=&#8221;solid&#8221;][vc_column_text]\n<h1 style=\"text-align: center;\">Verm\u00e4chtnis und Vererbung<\/h1>\n<p style=\"text-align: center;\">[\/vc_column_text][vc_column_text]\n<p style=\"text-align: center;\">Wenn Sie den Projekten der Loro Parque Fundaci\u00f3n ein Verm\u00e4chtnis oder eine Erbschaft zukommen lassen, k\u00f6nnen Sie Ihr Engagement f\u00fcr den Umweltschutz \u00fcber Ihr Leben hinaus verl\u00e4ngern. Ihr positiver Einfluss auf den Schutz wildlebender Arten und Lebensr\u00e4ume kann ewig anhalten.<\/p>\n<p style=\"text-align: center;\"><strong>Durch Verm\u00e4chtnis, Erbschaft oder Vererbung tr\u00e4gt Ihr Beitrag zu 100 % zu den Bem\u00fchungen der Stiftung um die Erhaltung bedrohter Arten bei.\u00a0<\/strong><\/p>\n<p style=\"text-align: center;\">Der Schutz der Umwelt, die Verringerung der negativen Auswirkungen des Menschen auf die Umwelt und die Verwirklichung eines nachhaltigen Modells ist ein Projekt, das das Engagement mehrerer Generationen erfordert. Ihre heutige Entscheidung wird zu einer besseren Zukunft voller Hoffnung und Respekt f\u00fcr das Leben der Tiere f\u00fchren.<\/p>\n<p style=\"text-align: center;\">\u00a0Wenn Sie mehr \u00fcber die M\u00f6glichkeiten des Verm\u00e4chtnisses, der Nachfolge und des Vererbens erfahren m\u00f6chten, empfehlen wir Ihnen, sich mit unserem Team in Verbindung zu setzen und sich beraten zu lassen.<\/p>\n[\/vc_column_text][divider line_type=&#8221;No Line&#8221;]\n<div class=\"wpcf7 no-js\" id=\"wpcf7-f52610-o1\" lang=\"de-DE\" dir=\"ltr\">\n<div class=\"screen-reader-response\"><p role=\"status\" aria-live=\"polite\" aria-atomic=\"true\"><\/p> <ul><\/ul><\/div>\n<form action=\"\/de\/wp-json\/wp\/v2\/pages\/52293#wpcf7-f52610-o1\" method=\"post\" class=\"wpcf7-form init\" aria-label=\"Contact form\" novalidate=\"novalidate\" data-status=\"init\">\n<div style=\"display: none;\">\n<input type=\"hidden\" name=\"_wpcf7\" value=\"52610\" \/>\n<input type=\"hidden\" name=\"_wpcf7_version\" value=\"5.9.7\" \/>\n<input type=\"hidden\" name=\"_wpcf7_locale\" value=\"de_DE\" \/>\n<input type=\"hidden\" name=\"_wpcf7_unit_tag\" value=\"wpcf7-f52610-o1\" \/>\n<input type=\"hidden\" name=\"_wpcf7_container_post\" value=\"0\" \/>\n<input type=\"hidden\" name=\"_wpcf7_posted_data_hash\" value=\"\" \/>\n<input type=\"hidden\" name=\"_wpcf7_recaptcha_response\" value=\"\" \/>\n<\/div>\n<div class=\"form-style-2\">\n\t<div class=\"columns_wrap izq\">\n\t\t<div class=\"column-1_2\">\n\t\t\t<p><span class=\"style-line\"><span class=\"wpcf7-form-control-wrap\" data-name=\"your-name\"><input size=\"40\" maxlength=\"400\" class=\"wpcf7-form-control wpcf7-text wpcf7-validates-as-required\" aria-required=\"true\" aria-invalid=\"false\" placeholder=\"Name\" value=\"\" type=\"text\" name=\"your-name\" \/><\/span><\/span>\n\t\t\t<\/p>\n\t\t<\/div>\n\t<\/div>\n\t<div class=\"columns_wrap der\">\n\t\t<div class=\"column-1_2 der\">\n\t\t\t<p><span class=\"style-line\"><span class=\"wpcf7-form-control-wrap\" data-name=\"your-email\"><input size=\"40\" maxlength=\"400\" class=\"wpcf7-form-control wpcf7-email wpcf7-validates-as-required wpcf7-text wpcf7-validates-as-email\" aria-required=\"true\" aria-invalid=\"false\" placeholder=\"E-mail\" value=\"\" type=\"email\" name=\"your-email\" \/><\/span><\/span>\n\t\t\t<\/p>\n\t\t<\/div>\n\t\t<div class=\"column-1_2 der\">\n\t\t\t<p><span class=\"style-line\"><span class=\"wpcf7-form-control-wrap\" data-name=\"phone\"><input size=\"40\" maxlength=\"400\" class=\"wpcf7-form-control wpcf7-tel wpcf7-validates-as-required wpcf7-text wpcf7-validates-as-tel\" aria-required=\"true\" aria-invalid=\"false\" placeholder=\"Telefon\" value=\"\" type=\"tel\" name=\"phone\" \/><\/span><\/span>\n\t\t\t<\/p>\n\t\t<\/div>\n\t<\/div>\n\t<div class=\"columns_wrap margin-bottom\">\n\t\t<div class=\"column-1_1\">\n\t\t\t<p><span class=\"style-line\"><span class=\"wpcf7-form-control-wrap\" data-name=\"your-message\"><textarea cols=\"40\" rows=\"10\" maxlength=\"2000\" class=\"wpcf7-form-control wpcf7-textarea wpcf7-validates-as-required\" aria-required=\"true\" aria-invalid=\"false\" placeholder=\"Wie k\u00f6nnen wir Ihnen helfen?\" name=\"your-message\"><\/textarea><\/span><\/span>\n\t\t\t<\/p>\n\t\t<\/div>\n\t<\/div>\n\t<p><span class=\"wpcf7-form-control-wrap\" data-name=\"acceptance-968\"><span class=\"wpcf7-form-control wpcf7-acceptance\"><span class=\"wpcf7-list-item\"><label><input type=\"checkbox\" name=\"acceptance-968\" value=\"1\" aria-invalid=\"false\" \/><span class=\"wpcf7-list-item-label\">Ich habe die <a href=\"\/privacidad\">Datenschutzerkl\u00e4rung<\/a>.<\/span><\/label><\/span><\/span><\/span><br \/>\n<input class=\"wpcf7-form-control wpcf7-submit has-spinner\" type=\"submit\" value=\"Anfrage senden\" \/>\n\t<\/p>\n<\/div>\n<p><script>\ndocument.addEventListener( 'wpcf7submit', function( event ) {\n console.log(event )\n if ( '43557' == event.detail.contactFormId ) { \n \/\/ do something productive \n jQuery(\".wpcf7-response-output\").remove()\n Swal.fire({text: \"Vielen Dank f\u00fcr Ihre Nachricht. Sie wurde abgeschickt.\", icon: 'info', confirmButtonColor: '#ffc900'}); \n }\n}, false );\n<\/script>\n<\/p><div class=\"wpcf7-response-output\" aria-hidden=\"true\"><\/div>\n<\/form>\n<\/div>\n[\/vc_column][vc_column column_padding=&#8221;no-extra-padding&#8221; column_padding_tablet=&#8221;inherit&#8221; column_padding_phone=&#8221;inherit&#8221; column_padding_position=&#8221;all&#8221; column_element_direction_desktop=&#8221;default&#8221; column_element_spacing=&#8221;default&#8221; desktop_text_alignment=&#8221;default&#8221; tablet_text_alignment=&#8221;default&#8221; phone_text_alignment=&#8221;default&#8221; background_color_opacity=&#8221;1&#8243; background_hover_color_opacity=&#8221;1&#8243; column_backdrop_filter=&#8221;none&#8221; column_shadow=&#8221;none&#8221; column_border_radius=&#8221;none&#8221; column_link_target=&#8221;_self&#8221; column_position=&#8221;default&#8221; gradient_direction=&#8221;left_to_right&#8221; overlay_strength=&#8221;0.3&#8243; width=&#8221;1\/6&#8243; tablet_width_inherit=&#8221;default&#8221; animation_type=&#8221;default&#8221; bg_image_animation=&#8221;none&#8221; border_type=&#8221;simple&#8221; column_border_width=&#8221;none&#8221; column_border_style=&#8221;solid&#8221;][\/vc_column][\/vc_row]\n","protected":false},"excerpt":{"rendered":"<p>[vc_row type=&#8221;in_container&#8221; full_screen_row_position=&#8221;middle&#8221; column_margin=&#8221;default&#8221; column_direction=&#8221;default&#8221; column_direction_tablet=&#8221;default&#8221; column_direction_phone=&#8221;default&#8221; scene_position=&#8221;center&#8221; text_color=&#8221;dark&#8221; text_align=&#8221;left&#8221; row_border_radius=&#8221;none&#8221; row_border_radius_applies=&#8221;bg&#8221; overflow=&#8221;visible&#8221; overlay_strength=&#8221;0.3&#8243; gradient_direction=&#8221;left_to_right&#8221;&#8230;<\/p>\n","protected":false},"author":1,"featured_media":0,"parent":0,"menu_order":0,"comment_status":"closed","ping_status":"closed","template":"","meta":{"footnotes":""},"yoast_head":"<!-- This site is optimized with the Yoast SEO plugin v23.0 - https:\/\/yoast.com\/wordpress\/plugins\/seo\/ -->\n<title>Verm\u00e4chtnis und Vererbung &#8226; Loro Parque Fundaci\u00f3n<\/title>\n<meta name=\"description\" content=\"Durch Verm\u00e4chtnis, Erbschaft oder Vererbung tr\u00e4gt Ihr Beitrag zu 100 % zu den Bem\u00fchungen der Stiftung um die Erhaltung bedrohter Arten bei.\" \/>\n<meta name=\"robots\" content=\"noindex, follow\" \/>\n<meta property=\"og:locale\" content=\"de_DE\" \/>\n<meta property=\"og:type\" content=\"article\" \/>\n<meta property=\"og:title\" content=\"Verm\u00e4chtnis und Vererbung &#8226; Loro Parque Fundaci\u00f3n\" \/>\n<meta property=\"og:description\" content=\"Durch Verm\u00e4chtnis, Erbschaft oder Vererbung tr\u00e4gt Ihr Beitrag zu 100 % zu den Bem\u00fchungen der Stiftung um die Erhaltung bedrohter Arten bei.\" \/>\n<meta property=\"og:url\" content=\"https:\/\/www.loroparque-fundacion.org\/de\/vermaechtnis-und-vererbung\/\" \/>\n<meta property=\"og:site_name\" content=\"Loro Parque Fundaci\u00f3n\" \/>\n<meta property=\"article:publisher\" content=\"https:\/\/www.facebook.com\/loroparquefundacion\/\" \/>\n<meta property=\"article:modified_time\" content=\"2022-10-13T13:36:32+00:00\" \/>\n<meta property=\"og:image\" content=\"https:\/\/www.loroparque-fundacion.org\/app\/uploads\/2022\/08\/destacadaweb.png\" \/>\n\t<meta property=\"og:image:width\" content=\"500\" \/>\n\t<meta property=\"og:image:height\" content=\"500\" \/>\n\t<meta property=\"og:image:type\" content=\"image\/png\" \/>\n<meta name=\"twitter:card\" content=\"summary_large_image\" \/>\n<meta name=\"twitter:site\" content=\"@lp__fundacion\" \/>\n<meta name=\"twitter:label1\" content=\"Est. reading time\" \/>\n\t<meta name=\"twitter:data1\" content=\"2 minutes\" \/>\n<script type=\"application\/ld+json\" class=\"yoast-schema-graph\">{\"@context\":\"https:\/\/schema.org\",\"@graph\":[{\"@type\":\"WebPage\",\"@id\":\"https:\/\/www.loroparque-fundacion.org\/de\/vermaechtnis-und-vererbung\/\",\"url\":\"https:\/\/www.loroparque-fundacion.org\/de\/vermaechtnis-und-vererbung\/\",\"name\":\"Verm\u00e4chtnis und Vererbung &#8226; Loro Parque Fundaci\u00f3n\",\"isPartOf\":{\"@id\":\"https:\/\/www.loroparque-fundacion.org\/de\/#website\"},\"datePublished\":\"2022-09-02T13:01:26+00:00\",\"dateModified\":\"2022-10-13T13:36:32+00:00\",\"description\":\"Durch Verm\u00e4chtnis, Erbschaft oder Vererbung tr\u00e4gt Ihr Beitrag zu 100 % zu den Bem\u00fchungen der Stiftung um die Erhaltung bedrohter Arten bei.\",\"inLanguage\":\"de-DE\",\"potentialAction\":[{\"@type\":\"ReadAction\",\"target\":[\"https:\/\/www.loroparque-fundacion.org\/de\/vermaechtnis-und-vererbung\/\"]}]},{\"@type\":\"WebSite\",\"@id\":\"https:\/\/www.loroparque-fundacion.org\/de\/#website\",\"url\":\"https:\/\/www.loroparque-fundacion.org\/de\/\",\"name\":\"Loro Parque Fundaci\u00f3n\",\"description\":\"We Care - Animal Embassy - Tenerife\",\"publisher\":{\"@id\":\"https:\/\/www.loroparque-fundacion.org\/de\/#organization\"},\"potentialAction\":[{\"@type\":\"SearchAction\",\"target\":{\"@type\":\"EntryPoint\",\"urlTemplate\":\"https:\/\/www.loroparque-fundacion.org\/de\/?s={search_term_string}\"},\"query-input\":\"required name=search_term_string\"}],\"inLanguage\":\"de-DE\"},{\"@type\":\"Organization\",\"@id\":\"https:\/\/www.loroparque-fundacion.org\/de\/#organization\",\"name\":\"Loro Parque Fundaci\u00f3n\",\"url\":\"https:\/\/www.loroparque-fundacion.org\/de\/\",\"logo\":{\"@type\":\"ImageObject\",\"inLanguage\":\"de-DE\",\"@id\":\"https:\/\/www.loroparque-fundacion.org\/de\/#\/schema\/logo\/image\/\",\"url\":\"https:\/\/www.loroparque-fundacion.org\/app\/uploads\/2022\/08\/destacadaweb.png\",\"contentUrl\":\"https:\/\/www.loroparque-fundacion.org\/app\/uploads\/2022\/08\/destacadaweb.png\",\"width\":500,\"height\":500,\"caption\":\"Loro Parque Fundaci\u00f3n\"},\"image\":{\"@id\":\"https:\/\/www.loroparque-fundacion.org\/de\/#\/schema\/logo\/image\/\"},\"sameAs\":[\"https:\/\/www.facebook.com\/loroparquefundacion\/\",\"https:\/\/x.com\/lp__fundacion\",\"https:\/\/www.instagram.com\/loroparque_fundacion\/\",\"https:\/\/www.linkedin.com\/company\/loroparque\/\"]}]}<\/script>\n<!-- \/ Yoast SEO plugin. -->","yoast_head_json":{"title":"Verm\u00e4chtnis und Vererbung &#8226; Loro Parque Fundaci\u00f3n","description":"Durch Verm\u00e4chtnis, Erbschaft oder Vererbung tr\u00e4gt Ihr Beitrag zu 100 % zu den Bem\u00fchungen der Stiftung um die Erhaltung bedrohter Arten bei.","robots":{"index":"noindex","follow":"follow"},"og_locale":"de_DE","og_type":"article","og_title":"Verm\u00e4chtnis und Vererbung &#8226; Loro Parque Fundaci\u00f3n","og_description":"Durch Verm\u00e4chtnis, Erbschaft oder Vererbung tr\u00e4gt Ihr Beitrag zu 100 % zu den Bem\u00fchungen der Stiftung um die Erhaltung bedrohter Arten bei.","og_url":"https:\/\/www.loroparque-fundacion.org\/de\/vermaechtnis-und-vererbung\/","og_site_name":"Loro Parque Fundaci\u00f3n","article_publisher":"https:\/\/www.facebook.com\/loroparquefundacion\/","article_modified_time":"2022-10-13T13:36:32+00:00","og_image":[{"width":500,"height":500,"url":"https:\/\/www.loroparque-fundacion.org\/app\/uploads\/2022\/08\/destacadaweb.png","type":"image\/png"}],"twitter_card":"summary_large_image","twitter_site":"@lp__fundacion","twitter_misc":{"Est. reading time":"2 minutes"},"schema":{"@context":"https:\/\/schema.org","@graph":[{"@type":"WebPage","@id":"https:\/\/www.loroparque-fundacion.org\/de\/vermaechtnis-und-vererbung\/","url":"https:\/\/www.loroparque-fundacion.org\/de\/vermaechtnis-und-vererbung\/","name":"Verm\u00e4chtnis und Vererbung &#8226; Loro Parque Fundaci\u00f3n","isPartOf":{"@id":"https:\/\/www.loroparque-fundacion.org\/de\/#website"},"datePublished":"2022-09-02T13:01:26+00:00","dateModified":"2022-10-13T13:36:32+00:00","description":"Durch Verm\u00e4chtnis, Erbschaft oder Vererbung tr\u00e4gt Ihr Beitrag zu 100 % zu den Bem\u00fchungen der Stiftung um die Erhaltung bedrohter Arten bei.","inLanguage":"de-DE","potentialAction":[{"@type":"ReadAction","target":["https:\/\/www.loroparque-fundacion.org\/de\/vermaechtnis-und-vererbung\/"]}]},{"@type":"WebSite","@id":"https:\/\/www.loroparque-fundacion.org\/de\/#website","url":"https:\/\/www.loroparque-fundacion.org\/de\/","name":"Loro Parque Fundaci\u00f3n","description":"We Care - Animal Embassy - Tenerife","publisher":{"@id":"https:\/\/www.loroparque-fundacion.org\/de\/#organization"},"potentialAction":[{"@type":"SearchAction","target":{"@type":"EntryPoint","urlTemplate":"https:\/\/www.loroparque-fundacion.org\/de\/?s={search_term_string}"},"query-input":"required name=search_term_string"}],"inLanguage":"de-DE"},{"@type":"Organization","@id":"https:\/\/www.loroparque-fundacion.org\/de\/#organization","name":"Loro Parque Fundaci\u00f3n","url":"https:\/\/www.loroparque-fundacion.org\/de\/","logo":{"@type":"ImageObject","inLanguage":"de-DE","@id":"https:\/\/www.loroparque-fundacion.org\/de\/#\/schema\/logo\/image\/","url":"https:\/\/www.loroparque-fundacion.org\/app\/uploads\/2022\/08\/destacadaweb.png","contentUrl":"https:\/\/www.loroparque-fundacion.org\/app\/uploads\/2022\/08\/destacadaweb.png","width":500,"height":500,"caption":"Loro Parque Fundaci\u00f3n"},"image":{"@id":"https:\/\/www.loroparque-fundacion.org\/de\/#\/schema\/logo\/image\/"},"sameAs":["https:\/\/www.facebook.com\/loroparquefundacion\/","https:\/\/x.com\/lp__fundacion","https:\/\/www.instagram.com\/loroparque_fundacion\/","https:\/\/www.linkedin.com\/company\/loroparque\/"]}]}},"_links":{"self":[{"href":"https:\/\/www.loroparque-fundacion.org\/de\/wp-json\/wp\/v2\/pages\/52293"}],"collection":[{"href":"https:\/\/www.loroparque-fundacion.org\/de\/wp-json\/wp\/v2\/pages"}],"about":[{"href":"https:\/\/www.loroparque-fundacion.org\/de\/wp-json\/wp\/v2\/types\/page"}],"author":[{"embeddable":true,"href":"https:\/\/www.loroparque-fundacion.org\/de\/wp-json\/wp\/v2\/users\/1"}],"replies":[{"embeddable":true,"href":"https:\/\/www.loroparque-fundacion.org\/de\/wp-json\/wp\/v2\/comments?post=52293"}],"version-history":[{"count":6,"href":"https:\/\/www.loroparque-fundacion.org\/de\/wp-json\/wp\/v2\/pages\/52293\/revisions"}],"predecessor-version":[{"id":52646,"href":"https:\/\/www.loroparque-fundacion.org\/de\/wp-json\/wp\/v2\/pages\/52293\/revisions\/52646"}],"wp:attachment":[{"href":"https:\/\/www.loroparque-fundacion.org\/de\/wp-json\/wp\/v2\/media?parent=52293"}],"curies":[{"name":"wp","href":"https:\/\/api.w.org\/{rel}","templated":true}]}}