{"id":52620,"date":"2022-04-26T09:51:03","date_gmt":"2022-04-26T09:51:03","guid":{"rendered":"https:\/\/www.loroparque-fundacion.org\/?page_id=52620"},"modified":"2025-03-05T13:05:43","modified_gmt":"2025-03-05T13:05:43","slug":"privacy-policy","status":"publish","type":"page","link":"https:\/\/www.loroparque-fundacion.org\/de\/privacy-policy\/","title":{"rendered":"Privacy Policy"},"content":{"rendered":"<h1 style=\"text-align: center;\"><span class=\"s6\">Datenschutz<\/span><span class=\"s6\">tichtlinie<\/span><\/h1>\n<p>&nbsp;<\/p>\n<p><span class=\"s5\">Die Datenschutzrichtlinie wird gem\u00e4\u00df den Bestimmungen der VERORDNUNG (EU) 2016\/679 DES EUROP\u00c4ISCHEN PARLAMENTS UND DES RATES vom 27. April 2016 und dem Organischen Gesetz 3\/2018 vom 5. Dezember zum Schutz personenbezogener Daten und zur Gew\u00e4hrleistung der digitalen Rechte durchgef\u00fchrt.<\/span><\/p>\n<p><span class=\"s5\">DATENSCHUTZGRUNDVERORDNUNG<\/span><\/p>\n<p><span class=\"s5\">Bei &#8220;LORO PARQUE<\/span><span class=\"s5\"> FUNDACI\u00d3N<\/span><span class=\"s5\">&#8221; legen wir weiterhin Wert auf Datenschutz bei der Verarbeitung Ihrer personenbezogenen Daten und aktualisieren unsere Datenschutzrichtlinie, um zu informieren, wie wir alle Daten von Personen, die auf irgendeine Weise Kontakt mit uns aufnehmen, gem\u00e4\u00df den folgenden Abschnitten sammeln, verwenden und speichern:<\/span><\/p>\n<p>&nbsp;<\/p>\n<p><span class=\"s5\">I.- Verantwortlicher f\u00fcr die Datenverarbeitung.<\/span><\/p>\n<p><span class=\"s5\">II.- Zwecke der Datenverarbeitung.<\/span><\/p>\n<p><span class=\"s5\">III.- Dauer der Speicherung Ihrer personenbezogenen Daten.<\/span><\/p>\n<p><span class=\"s5\">IV.- Was ist die Rechtm\u00e4\u00dfigkeit der Verarbeitung Ihrer personenbezogenen Daten?<\/span><\/p>\n<p><span class=\"s5\">V.- Wer hat Zugang zu Ihren personenbezogenen Daten?<\/span><\/p>\n<p><span class=\"s5\">VI.- Welche Rechte haben Sie als <\/span><span class=\"s5\">N<\/span><span class=\"s5\">utzer?<\/span><\/p>\n<p><span class=\"s5\">VII.- Daten Dritter<\/span><\/p>\n<p><span class=\"s5\">VIII.- Ab welchem <\/span><span class=\"s7\">\u200b\u200b<\/span><span class=\"s5\">Alter kann der <\/span><span class=\"s5\">Nu<\/span><span class=\"s5\">tzer auf unsere Produkte und Dienstleistungen zugreifen?<\/span><\/p>\n<p><span class=\"s5\">IX.- Implementierte Sicherheitsma\u00dfnahmen.<\/span><\/p>\n<p><span class=\"s5\">X.- Cookies<\/span><\/p>\n<p>&nbsp;<\/p>\n<p><span class=\"s5\">I.- VERANTWORTLICHER F\u00dcR DIE DATENVERARBEITUNG.<\/span><\/p>\n<p><span class=\"s5\">Der betroffene (<\/span><span class=\"s5\">N<\/span><span class=\"s5\">utzer), der &#8220;LORO PARQUE<\/span><span class=\"s5\"> FUNDACI\u00d3N<\/span><span class=\"s5\">&#8221; personenbezogene Daten \u00fcber soziale Netzwerke oder Online-Plattformen zur Verf\u00fcgung stellt, wird dar\u00fcber informiert, dass der Verantwortliche f\u00fcr die Verarbeitung der personenbezogenen Daten, die er uns zur Verf\u00fcgung stellt, die &#8220;LORO PARQUE<\/span><span class=\"s5\">FUNDACION<\/span><span class=\"s5\">&#8221; mit MWST.-NUMMER G38361903 und Sitz in Avenida Loro Parque, s\/n, 38400 Puerto de la Cruz, Santa Cruz de Tenerife sein wird. Telefon 922373841 und E-Mail-Adresse lpf@loroparque-fundaci\u00f3n.org<\/span><\/p>\n<p><span class=\"s5\">Als Verantwortlicher f\u00fcr die Verarbeitung wird die &#8220;LORO PARQUE<\/span><span class=\"s5\"> FUNDACION<\/span><span class=\"s5\">&#8221; den <\/span><span class=\"s5\">N<\/span><span class=\"s5\">utzer ausdr\u00fccklich um Zustimmung zu dieser Datenschutzrichtlinie bitten.<\/span><\/p>\n<p><span class=\"s5\">Bei Fragen zum Datenschutz kann der <\/span><span class=\"s5\">N<\/span><span class=\"s5\">utzer Kontakt mit der &#8220;LORO <\/span><span class=\"s5\">PARQUE<\/span><span class=\"s5\">\u00a0FUNDACI\u00d3N<\/span><span class=\"s5\">&#8221; aufnehmen und wird zeitnah betreut.<\/span><\/p>\n<p>&nbsp;<\/p>\n<p><span class=\"s5\">II.- ZWECKE DER DATENVERARBEITUNG.<\/span><\/p>\n<p><span class=\"s5\">Je nachdem, aus welchem <\/span><span class=\"s7\">\u200b\u200b<\/span><span class=\"s5\">Grund der Benutzer Kontakt mit uns aufgenommen hat, werden die von &#8220;LORO PARQUE<\/span><span class=\"s5\"> FUNDACION<\/span><span class=\"s5\">&#8221; bereitgestellten Daten zu folgenden Zwecken verarbeitet:<\/span><\/p>\n<p><span class=\"s5\">&#8211; Verwaltung von Eink\u00e4ufen und Anfragen des <\/span><span class=\"s5\">N<\/span><span class=\"s5\">utzers \u00fcber unsere Websites.<\/span><\/p>\n<p><span class=\"s5\">&#8211; <\/span><span class=\"s5\">Den <\/span><span class=\"s5\">N<\/span><span class=\"s5\">utzer kontaktieren, um seine Anfragen, W\u00fcnsche oder Fragen zu bearbeiten.<\/span><\/p>\n<p><span class=\"s5\">&#8211; <\/span><span class=\"s5\">Dem Nutzer Informationen \u00fcber Dienstleistungen, Werbeaktionen, Neuigkeiten und Produkte von &#8216;LORO PARQUE FUNDACI\u00d3N&#8217; zukommen zu lassen, auf beliebige Weise, vorzugsweise durch Zusendung kommerzieller Mitteilungen an die vom Nutzer angegebenen E-Mail-Adressen.&#8221;<\/span><\/p>\n<p><span class=\"s5\">&#8211; Verwaltung und Kontrolle des Kundenstamms, Bearbeitung von Serviceanfragen und Abrechnung.<\/span><\/p>\n<p><span class=\"s5\">&#8211; Durchf\u00fchrung von Werbeaktivit\u00e4ten, einschlie\u00dflich des Versands von kommerziellen Kommunikationen an die vom <\/span><span class=\"s5\">N<\/span><span class=\"s5\">utzer bereitgestellte E-Mail-Adresse von Unternehmen, die mit der &#8220;LORO PARQUE<\/span><span class=\"s5\"> FUNDACION<\/span><span class=\"s5\">&#8221; zusammenarbeiten, die sich ausschlie\u00dflich auf Freizeit, Tourismus und den Besuch von Themenparks beziehen.<\/span><\/p>\n<p><span class=\"s5\">&#8211; <\/span><span class=\"s5\">Die Beteiligung der Nutzer an Werbeaktionen wie Spielen, Wettbewerben und Verlosungen, die \u00fcber unsere Website veranstaltet werden.<\/span><\/p>\n<p><span class=\"s5\">&#8211; Erstellung eines Nutzerprofils, um die Beziehung zwischen &#8220;LORO PARQUE FUNDACI\u00d3N&#8221; und dem Nutzer zu verbessern und um m\u00f6gliche Angebote unserer Produkte und Dienstleistungen zu optimieren.<\/span><\/p>\n<p><span class=\"s5\">&#8211; <\/span><span class=\"s5\">Einholung<\/span><span class=\"s5\"> von Lebensl\u00e4ufen zur Personalauswahl.<\/span><\/p>\n<p><span class=\"s5\">&#8211; Kommunikation mit Fachleuten aus dem Bildungsbereich, um \u00fcber Bildungsaktivit\u00e4ten und -produkte zu informieren.<\/span><\/p>\n<p><span class=\"s5\">&#8211; Aufrechterhaltung von Informationskontakten mit Sch\u00fclern, die Praktika bei &#8220;LORO PARQUE<\/span><span class=\"s5\"> FUNDACI\u00d3N<\/span><span class=\"s5\">&#8221; absolvieren oder absolvieren werden.<\/span><\/p>\n<p>&nbsp;<\/p>\n<p><span class=\"s5\">III.- DAUER DER DATENVERARBEITUNG. DAUER DER SPEICHERUNG IHRER PERSONENBEZOGENEN DATEN.<\/span><\/p>\n<p><span class=\"s5\">Die personenbezogenen Daten des <\/span><span class=\"s5\">N<\/span><span class=\"s5\">utzers werden von &#8220;LORO PARQUE<\/span><span class=\"s5\">FUNDACION<\/span><span class=\"s5\">&#8221; f\u00fcr die gesetzlich vorgeschriebene Zeit gem\u00e4\u00df dem Grund, aus dem die Daten dem Benutzer zur Verf\u00fcgung gestellt wurden, aufbewahrt.<\/span><\/p>\n<p><span class=\"s5\">Die f\u00fcr Werbeaktionen erhaltenen Daten werden f\u00fcr einen Zeitraum von zwei Jahren gespeichert, sofern der Benutzer nicht ausdr\u00fccklich widerruft.<\/span><\/p>\n<p><span class=\"s5\">F\u00fcr Abrechnungs- und Zahlungszwecke werden die Daten f\u00fcr die Dauer der Vertragsbeziehung gespeichert, zuz\u00fcglich der Aufbewahrungsfrist, die sich aus den anwendbaren Gesetzen ergibt, und bis zur Verj\u00e4hrung der m\u00f6glichen vertraglichen Haftung von &#8220;LORO PARQUE<\/span><span class=\"s5\"> FUNDACI\u00d3N<\/span><span class=\"s5\">&#8220;.<\/span><\/p>\n<p><span class=\"s5\">Die f\u00fcr die Bearbeitung von Anfragen und Anfragen erhaltenen Daten werden maximal ein Jahr lang gespeichert.<\/span><\/p>\n<p><span class=\"s5\">Die im Zusammenhang mit der Teilnahme an Werbeaktivit\u00e4ten wie Spielen, <\/span><span class=\"s5\">Verlosungen <\/span><span class=\"s5\">und Wettbewerben erhaltenen Daten werden f\u00fcr die Dauer der genannten Aktivit\u00e4ten gespeichert, um ihre effektive Durchf\u00fchrung gem\u00e4\u00df den Teilnahmebedingungen sicherzustellen und bis zum Abschluss der Auswirkungen der Teilnahme des <\/span><span class=\"s5\">N<\/span><span class=\"s5\">utzers an denselben.<\/span><\/p>\n<p><span class=\"s5\">Die f\u00fcr die Kommunikation und Erstellung von Handelsprofilen bereitgestellten Daten werden von &#8220;LORO PARQUE<\/span><span class=\"s5\"> FUNDACI\u00d3N<\/span><span class=\"s5\">&#8221; ohne maximale Nutzungsdauer gespeichert, es sei denn, der <\/span><span class=\"s5\">N<\/span><span class=\"s5\">utzer erkl\u00e4rt ausdr\u00fccklich, dass diese gel\u00f6scht werden sollen.<\/span><\/p>\n<p><span class=\"s5\">Die Daten zu Lebensl\u00e4ufen werden f\u00fcr den Auswahlprozess und ein Jahr dar\u00fcber hinaus aufbewahrt.<\/span><\/p>\n<p><span class=\"s5\">Die Daten unserer Praktikanten oder Praktik<\/span><span class=\"s5\">umsbewerber unterliegen keiner zeitlichen Begrenzung, es sei denn, der Nutzer <\/span><span class=\"s5\">erkl\u00e4rt ausdr\u00fccklich, dass diese gel\u00f6scht werden sollen.<\/span><\/p>\n<p><span class=\"s5\">Die durch den Kontakt<\/span> <span class=\"s5\">mit Fachleuten aus dem Bildungsbereich erhaltenen Daten <\/span><span class=\"s5\">unterliegen keiner maximalen Nutzungsdauer, es sei denn, der Nutzer hat dies ausdr\u00fccklich angegeben.<\/span><\/p>\n<p>&nbsp;<\/p>\n<p><span class=\"s5\">IV.- RECHTM\u00c4SSIGKEIT DER VERARBEITUNG IHRER PERSONENBEZOGENEN DATEN.<\/span><\/p>\n<p><span class=\"s5\">Die<\/span><span class=\"s5\"> personenbezogenen<\/span><span class=\"s5\"> Daten, die der Nutzer zur Verf\u00fcgung stellt, dienen LORO PARQUE FUNDACI\u00d3N dazu, die angebotenen Dienstleistungen zu erbringen, die Sie akzeptiert haben, sowie dazu, dass LORO PARQUE FUNDACI\u00d3N seine legitimen sozialen Ziele weiterverfolgen und Ihnen neue Dienstleistungen, Aktivit\u00e4ten und Produkte anbieten kann.<\/span><\/p>\n<p>&nbsp;<\/p>\n<p><span class=\"s5\">V.- ZUGRIFF AUF IHRE PERSONENBEZOGENEN DATEN.<\/span><\/p>\n<p><span class=\"s5\">Die Weitergabe personenbezogener Daten an Unternehmen, die mit &#8220;LORO PARQUE FUNDACI\u00d3N&#8221; zusammenarbeiten, kann auf ausdr\u00fccklichen Wunsch des Nutzers und nach entsprechender Genehmigung zu den oben genannten Zwecken erfolgen.<\/span><\/p>\n<p><span class=\"s5\">&#8220;LORO PARQUE FUNDACI\u00d3N&#8221; kann personenbezogene Daten weitergeben oder mitteilen, um seinen Verpflichtungen gegen\u00fcber \u00f6ffentlichen Verwaltungen nachzukommen, wenn dies gem\u00e4\u00df geltendem Recht formell erforderlich ist. Ebenso wird dies geschehen, wenn dies von den staatlichen Sicherheitskr\u00e4ften und den Justizbeh\u00f6rden in Aus\u00fcbung ihrer Befugnisse verlangt wird.<\/span><\/p>\n<p>&nbsp;<\/p>\n<p><span class=\"s5\">VI.- IHRE RECHTE ALS NUTZER.<\/span><\/p>\n<p><span class=\"s5\">Sie haben die M\u00f6glichkeit, die in den Artikeln 15 bis 22 der Verordnung (EU) 2016\/679 festgelegten Rechte auszu\u00fcben: Recht auf <\/span><span class=\"s5\">Zugang zu den <\/span><span class=\"s5\">verarbeiteten Informationen, Recht auf Berichtigung und L\u00f6schung, Recht auf Einschr\u00e4nkung der Verarbeitung, Recht auf Daten\u00fcbertragbarkeit, Widerspruchsrecht und Recht, nicht einer ausschlie\u00dflich auf automatisierter Verarbeitung beruhenden Entscheidung unterworfen zu sein, einschlie\u00dflich Profilierung, die rechtliche Wirkungen entfaltet oder ihn in \u00e4hnlicher Weise erheblich betrifft.<\/span><\/p>\n<p><span class=\"s5\">Dar\u00fcber hinaus wird gem\u00e4\u00df Artikel 16 der DSGVO der f\u00fcr die Verarbeitung Verantwortliche jede \u00c4nderung oder L\u00f6schung personenbezogener Daten oder Einschr\u00e4nkung der Verarbeitung mitteilen.<\/span><\/p>\n<p><span class=\"s5\">Jeder Benutzer hat das Recht, die Rechte auf Auskunft, Berichtigung, Widerspruch, L\u00f6schung, Daten\u00fcbertragbarkeit und Einschr\u00e4nkung der Verarbeitung seiner personenbezogenen Daten auszu\u00fcben.<\/span><\/p>\n<p><span class=\"s5\">Ebenso kann der <\/span><span class=\"s5\">N<\/span><span class=\"s5\">utzer der automatisierten Verarbeitung der von der &#8220;LORO PARQUE<\/span><span class=\"s5\">FUNDACI\u00d3N<\/span><span class=\"s5\">&#8221; gesammelten personenbezogenen Daten widersprechen.<\/span><\/p>\n<p><span class=\"s5\">Die Rechte der <\/span><span class=\"s5\">N<\/span><span class=\"s5\">utzer k\u00f6nnen \u00fcber die in Abschnitt &#8220;I&#8221; dieser Datenschutzrichtlinie angegebenen Kontaktdaten geltend gemacht werden.<\/span><\/p>\n<p><span class=\"s5\">Wenn der <\/span><span class=\"s5\">N<\/span><span class=\"s5\">utzer mit der Verarbeitung seiner Daten durch die &#8220;LORO PARQUE<\/span><span class=\"s5\">FUNDACION<\/span><span class=\"s5\"> im Rahmen seiner Rechte nicht einverstanden ist, kann er sich bei der spanischen Datenschutzbeh\u00f6rde und bei anderen zust\u00e4ndigen Kontrollstellen beschweren.<\/span><\/p>\n<p><span class=\"s5\">Der <\/span><span class=\"s5\">N<\/span><span class=\"s5\">utzer kann die genannten Rechte aus\u00fcben oder die erteilten Verarbeitungszustimmungen an die &#8220;LORO PARQUE<\/span><span class=\"s5\"> FUNDACI\u00d3N<\/span><span class=\"s5\">&#8221; widerrufen oder um Klarstellungen bitten, indem er eine ausdr\u00fcckliche Anfrage an die E-Mail-Adresse lpf@loroparque-fundaci\u00f3n.org sendet und nachweist, dass er Eigent\u00fcmer der Daten ist, \u00fcber die er seine Rechte aus\u00fcben m\u00f6chte.<\/span><\/p>\n<p>&nbsp;<\/p>\n<p><span class=\"s5\">VII.- DATEN DRITTER<\/span><\/p>\n<p><span class=\"s5\">Werden personenbezogene Daten von Dritten au\u00dfer dem <\/span><span class=\"s5\">N<\/span><span class=\"s5\">utzer erhalten, werden sie vorab \u00fcber den Inhalt von Art. 14 der Datenschutz-Grundverordnung informiert:<\/span><\/p>\n<p><span class=\"s5\">Informationen, die bereitzustellen sind, wenn personenbezogene Daten nicht beim Betroffenen <\/span><span class=\"s5\">erhoben<\/span><span class=\"s5\"> werden<\/span><\/p>\n<p><span class=\"s5\">Wenn personenbezogene Daten nicht vom Betroffenen erhoben wurden, stellt der f\u00fcr die Verarbeitung Verantwortliche die folgenden Informationen bereit:<\/span><\/p>\n<p><span class=\"s5\">a) die Identit\u00e4t und Kontaktdaten des Verantwortlichen und gegebenenfalls seines Vertreters;<\/span><\/p>\n<p><span class=\"s5\">b) die Kontaktdaten des Datenschutzbeauftragten, sofern vorhanden;<\/span><\/p>\n<p><span class=\"s5\">c) die Zwecke der Verarbeitung, f\u00fcr die personenbezogene Daten bestimmt sind, sowie die rechtliche Grundlage f\u00fcr die Verarbeitung;<\/span><\/p>\n<p><span class=\"s5\">d) die Kategorien personenbezogener Daten, die verarbeitet werden;<\/span><\/p>\n<p><span class=\"s5\">e) die Empf\u00e4nger oder Kategorien von Empf\u00e4ngern personenbezogener Daten, falls vorhanden<\/span><\/p>\n<p><span class=\"s5\">f) gegebenenfalls die Absicht des Verantwortlichen, personenbezogene Daten an einen Empf\u00e4nger in einem Drittland oder an eine internationale Organisation zu \u00fcbermitteln, und das Vorhandensein oder Fehlen eines Angemessenheitsbeschlusses der Kommission oder, im Falle der \u00dcbermittlung gem\u00e4\u00df den Artikeln 46 oder 47 oder Artikel 49 Absatz 1 Satz 2, Verweis auf angemessene oder geeignete Garantien und auf die Mittel, um eine Kopie von ihnen zu erhalten oder darauf hinzuweisen, dass sie bereitgestellt wurden.<\/span><\/p>\n<p>&nbsp;<\/p>\n<p><span class=\"s5\">VIII.- AB WELCHEM ALTER KANN DER NUTZER AUF UNSERE PRODUKTE UND DIENSTLEISTUNGEN ZUGREIFEN?<\/span><\/p>\n<p><span class=\"s5\">Als allgemeine Regel und gem\u00e4\u00df der neuen Datenschutz-Grundverordnung, Artikel 8, wird die Verarbeitung personenbezogener Daten eines Kindes als rechtm\u00e4\u00dfig betrachtet, wenn das Kind mindestens 16 Jahre alt ist, sofern Artikel 6 Absatz 1 Buchstabe a) in Bezug auf das direkte Angebot von Diensten der Informationsgesellschaft an Kinder angewendet wird. Wenn das Kind j\u00fcnger als 16 Jahre ist, wird diese Verarbeitung nur dann als rechtm\u00e4\u00dfig angesehen, wenn die Zustimmung oder Autorisierung des Sorgeberechtigten oder Vormunds des Kindes vorliegt und nur insoweit, als diese gegeben oder autorisiert wurde.<\/span><\/p>\n<p>&nbsp;<\/p>\n<p><span class=\"s5\">IX.- IMPLEMENTIERTE SICHERHEITSMASSNAHMEN.<\/span><\/p>\n<p><span class=\"s5\">Die &#8220;LORO PARQUE<\/span><span class=\"s5\"> FUNDACI\u00d3N<\/span><span class=\"s5\">&#8221; hat sich verpflichtet, die gesetzlich festgelegten Verpflichtungen im Bereich des Datenschutzes zu erf\u00fcllen, und wird alle erforderlichen Kontrollma\u00dfnahmen ergreifen, um zu verhindern, dass die von den Benutzern bereitgestellten Daten ge\u00e4ndert oder unbefugt zugegriffen oder verarbeitet werden. Zu diesem Zweck werden technische und organisatorische Sicherheitsma\u00dfnahmen aufrechterhalten, um die Sicherheit der personenbezogenen Daten des <\/span><span class=\"s5\">N<\/span><span class=\"s5\">utzers gem\u00e4\u00df den geltenden Vorschriften zu gew\u00e4hrleisten.<\/span><\/p>\n<p>&nbsp;<\/p>\n<p><span class=\"s5\">X.- COOKIES<\/span><\/p>\n<p><span class=\"s5\">&#8220;LORO PARQUE<\/span><span class=\"s5\"> FUNDACI\u00d3N<\/span><span class=\"s5\">&#8221; informiert die <\/span><span class=\"s5\">N<\/span><span class=\"s5\">utzer dar\u00fcber, dass beim Zugriff auf die Website gem\u00e4\u00df den in den Nutzungsbedingungen der Website beschriebenen <\/span><span class=\"s5\">Verfahren <\/span><span class=\"s5\">Cookies an ihren Computer gesendet werden k\u00f6nnen.<\/span><\/p>\n<p>&nbsp;<\/p>\n","protected":false},"excerpt":{"rendered":"<p>Datenschutztichtlinie &nbsp; Die Datenschutzrichtlinie wird gem\u00e4\u00df den Bestimmungen der VERORDNUNG (EU) 2016\/679 DES EUROP\u00c4ISCHEN PARLAMENTS&#8230;<\/p>\n","protected":false},"author":1,"featured_media":0,"parent":0,"menu_order":0,"comment_status":"closed","ping_status":"closed","template":"","meta":{"footnotes":""},"yoast_head":"<!-- This site is optimized with the Yoast SEO plugin v23.0 - https:\/\/yoast.com\/wordpress\/plugins\/seo\/ -->\n<title>Privacy Policy &#8226; Loro Parque Fundaci\u00f3n<\/title>\n<meta name=\"description\" content=\"Internationale gemeinn\u00fctzige Einrichtung f\u00fcr Natur- und Umweltschutz durch einen Papageien-Genpool.\" \/>\n<meta name=\"robots\" content=\"noindex, nofollow\" \/>\n<meta property=\"og:locale\" content=\"de_DE\" \/>\n<meta property=\"og:type\" content=\"article\" \/>\n<meta property=\"og:title\" content=\"Privacy Policy &#8226; Loro Parque Fundaci\u00f3n\" \/>\n<meta property=\"og:description\" content=\"Internationale gemeinn\u00fctzige Einrichtung f\u00fcr Natur- und Umweltschutz durch einen Papageien-Genpool.\" \/>\n<meta property=\"og:url\" content=\"https:\/\/www.loroparque-fundacion.org\/de\/privacy-policy\/\" \/>\n<meta property=\"og:site_name\" content=\"Loro Parque Fundaci\u00f3n\" \/>\n<meta property=\"article:publisher\" content=\"https:\/\/www.facebook.com\/loroparquefundacion\/\" \/>\n<meta property=\"article:modified_time\" content=\"2025-03-05T13:05:43+00:00\" \/>\n<meta property=\"og:image\" content=\"https:\/\/www.loroparque-fundacion.org\/app\/uploads\/2022\/08\/destacadaweb.png\" \/>\n\t<meta property=\"og:image:width\" content=\"500\" \/>\n\t<meta property=\"og:image:height\" content=\"500\" \/>\n\t<meta property=\"og:image:type\" content=\"image\/png\" \/>\n<meta name=\"twitter:card\" content=\"summary_large_image\" \/>\n<meta name=\"twitter:site\" content=\"@lp__fundacion\" \/>\n<meta name=\"twitter:label1\" content=\"Est. reading time\" \/>\n\t<meta name=\"twitter:data1\" content=\"7 minutes\" \/>\n<script type=\"application\/ld+json\" class=\"yoast-schema-graph\">{\"@context\":\"https:\/\/schema.org\",\"@graph\":[{\"@type\":\"WebPage\",\"@id\":\"https:\/\/www.loroparque-fundacion.org\/de\/privacy-policy\/\",\"url\":\"https:\/\/www.loroparque-fundacion.org\/de\/privacy-policy\/\",\"name\":\"Privacy Policy &#8226; Loro Parque Fundaci\u00f3n\",\"isPartOf\":{\"@id\":\"https:\/\/www.loroparque-fundacion.org\/de\/#website\"},\"datePublished\":\"2022-04-26T09:51:03+00:00\",\"dateModified\":\"2025-03-05T13:05:43+00:00\",\"description\":\"Internationale gemeinn\u00fctzige Einrichtung f\u00fcr Natur- und Umweltschutz durch einen Papageien-Genpool.\",\"inLanguage\":\"de-DE\",\"potentialAction\":[{\"@type\":\"ReadAction\",\"target\":[\"https:\/\/www.loroparque-fundacion.org\/de\/privacy-policy\/\"]}]},{\"@type\":\"WebSite\",\"@id\":\"https:\/\/www.loroparque-fundacion.org\/de\/#website\",\"url\":\"https:\/\/www.loroparque-fundacion.org\/de\/\",\"name\":\"Loro Parque Fundaci\u00f3n\",\"description\":\"We Care - Animal Embassy - Tenerife\",\"publisher\":{\"@id\":\"https:\/\/www.loroparque-fundacion.org\/de\/#organization\"},\"potentialAction\":[{\"@type\":\"SearchAction\",\"target\":{\"@type\":\"EntryPoint\",\"urlTemplate\":\"https:\/\/www.loroparque-fundacion.org\/de\/?s={search_term_string}\"},\"query-input\":\"required name=search_term_string\"}],\"inLanguage\":\"de-DE\"},{\"@type\":\"Organization\",\"@id\":\"https:\/\/www.loroparque-fundacion.org\/de\/#organization\",\"name\":\"Loro Parque Fundaci\u00f3n\",\"url\":\"https:\/\/www.loroparque-fundacion.org\/de\/\",\"logo\":{\"@type\":\"ImageObject\",\"inLanguage\":\"de-DE\",\"@id\":\"https:\/\/www.loroparque-fundacion.org\/de\/#\/schema\/logo\/image\/\",\"url\":\"https:\/\/www.loroparque-fundacion.org\/app\/uploads\/2022\/08\/destacadaweb.png\",\"contentUrl\":\"https:\/\/www.loroparque-fundacion.org\/app\/uploads\/2022\/08\/destacadaweb.png\",\"width\":500,\"height\":500,\"caption\":\"Loro Parque Fundaci\u00f3n\"},\"image\":{\"@id\":\"https:\/\/www.loroparque-fundacion.org\/de\/#\/schema\/logo\/image\/\"},\"sameAs\":[\"https:\/\/www.facebook.com\/loroparquefundacion\/\",\"https:\/\/x.com\/lp__fundacion\",\"https:\/\/www.instagram.com\/loroparque_fundacion\/\",\"https:\/\/www.linkedin.com\/company\/loroparque\/\"]}]}<\/script>\n<!-- \/ Yoast SEO plugin. -->","yoast_head_json":{"title":"Privacy Policy &#8226; Loro Parque Fundaci\u00f3n","description":"Internationale gemeinn\u00fctzige Einrichtung f\u00fcr Natur- und Umweltschutz durch einen Papageien-Genpool.","robots":{"index":"noindex","follow":"nofollow"},"og_locale":"de_DE","og_type":"article","og_title":"Privacy Policy &#8226; Loro Parque Fundaci\u00f3n","og_description":"Internationale gemeinn\u00fctzige Einrichtung f\u00fcr Natur- und Umweltschutz durch einen Papageien-Genpool.","og_url":"https:\/\/www.loroparque-fundacion.org\/de\/privacy-policy\/","og_site_name":"Loro Parque Fundaci\u00f3n","article_publisher":"https:\/\/www.facebook.com\/loroparquefundacion\/","article_modified_time":"2025-03-05T13:05:43+00:00","og_image":[{"width":500,"height":500,"url":"https:\/\/www.loroparque-fundacion.org\/app\/uploads\/2022\/08\/destacadaweb.png","type":"image\/png"}],"twitter_card":"summary_large_image","twitter_site":"@lp__fundacion","twitter_misc":{"Est. reading time":"7 minutes"},"schema":{"@context":"https:\/\/schema.org","@graph":[{"@type":"WebPage","@id":"https:\/\/www.loroparque-fundacion.org\/de\/privacy-policy\/","url":"https:\/\/www.loroparque-fundacion.org\/de\/privacy-policy\/","name":"Privacy Policy &#8226; Loro Parque Fundaci\u00f3n","isPartOf":{"@id":"https:\/\/www.loroparque-fundacion.org\/de\/#website"},"datePublished":"2022-04-26T09:51:03+00:00","dateModified":"2025-03-05T13:05:43+00:00","description":"Internationale gemeinn\u00fctzige Einrichtung f\u00fcr Natur- und Umweltschutz durch einen Papageien-Genpool.","inLanguage":"de-DE","potentialAction":[{"@type":"ReadAction","target":["https:\/\/www.loroparque-fundacion.org\/de\/privacy-policy\/"]}]},{"@type":"WebSite","@id":"https:\/\/www.loroparque-fundacion.org\/de\/#website","url":"https:\/\/www.loroparque-fundacion.org\/de\/","name":"Loro Parque Fundaci\u00f3n","description":"We Care - Animal Embassy - Tenerife","publisher":{"@id":"https:\/\/www.loroparque-fundacion.org\/de\/#organization"},"potentialAction":[{"@type":"SearchAction","target":{"@type":"EntryPoint","urlTemplate":"https:\/\/www.loroparque-fundacion.org\/de\/?s={search_term_string}"},"query-input":"required name=search_term_string"}],"inLanguage":"de-DE"},{"@type":"Organization","@id":"https:\/\/www.loroparque-fundacion.org\/de\/#organization","name":"Loro Parque Fundaci\u00f3n","url":"https:\/\/www.loroparque-fundacion.org\/de\/","logo":{"@type":"ImageObject","inLanguage":"de-DE","@id":"https:\/\/www.loroparque-fundacion.org\/de\/#\/schema\/logo\/image\/","url":"https:\/\/www.loroparque-fundacion.org\/app\/uploads\/2022\/08\/destacadaweb.png","contentUrl":"https:\/\/www.loroparque-fundacion.org\/app\/uploads\/2022\/08\/destacadaweb.png","width":500,"height":500,"caption":"Loro Parque Fundaci\u00f3n"},"image":{"@id":"https:\/\/www.loroparque-fundacion.org\/de\/#\/schema\/logo\/image\/"},"sameAs":["https:\/\/www.facebook.com\/loroparquefundacion\/","https:\/\/x.com\/lp__fundacion","https:\/\/www.instagram.com\/loroparque_fundacion\/","https:\/\/www.linkedin.com\/company\/loroparque\/"]}]}},"_links":{"self":[{"href":"https:\/\/www.loroparque-fundacion.org\/de\/wp-json\/wp\/v2\/pages\/52620"}],"collection":[{"href":"https:\/\/www.loroparque-fundacion.org\/de\/wp-json\/wp\/v2\/pages"}],"about":[{"href":"https:\/\/www.loroparque-fundacion.org\/de\/wp-json\/wp\/v2\/types\/page"}],"author":[{"embeddable":true,"href":"https:\/\/www.loroparque-fundacion.org\/de\/wp-json\/wp\/v2\/users\/1"}],"replies":[{"embeddable":true,"href":"https:\/\/www.loroparque-fundacion.org\/de\/wp-json\/wp\/v2\/comments?post=52620"}],"version-history":[{"count":4,"href":"https:\/\/www.loroparque-fundacion.org\/de\/wp-json\/wp\/v2\/pages\/52620\/revisions"}],"predecessor-version":[{"id":54760,"href":"https:\/\/www.loroparque-fundacion.org\/de\/wp-json\/wp\/v2\/pages\/52620\/revisions\/54760"}],"wp:attachment":[{"href":"https:\/\/www.loroparque-fundacion.org\/de\/wp-json\/wp\/v2\/media?parent=52620"}],"curies":[{"name":"wp","href":"https:\/\/api.w.org\/{rel}","templated":true}]}}