{"id":53748,"date":"2023-11-15T13:06:26","date_gmt":"2023-11-15T13:06:26","guid":{"rendered":"https:\/\/www.loroparque-fundacion.org\/antonio-fernandez-rodriguez\/"},"modified":"2024-09-23T13:11:42","modified_gmt":"2024-09-23T13:11:42","slug":"antonio-fernandez-rodriguez","status":"publish","type":"page","link":"https:\/\/www.loroparque-fundacion.org\/en\/antonio-fernandez-rodriguez\/","title":{"rendered":"Antonio Fern\u00e1ndez Rodr\u00edguez"},"content":{"rendered":"[vc_row type=&#8221;in_container&#8221; full_screen_row_position=&#8221;middle&#8221; column_margin=&#8221;default&#8221; equal_height=&#8221;yes&#8221; content_placement=&#8221;middle&#8221; column_direction=&#8221;default&#8221; column_direction_tablet=&#8221;default&#8221; column_direction_phone=&#8221;default&#8221; scene_position=&#8221;center&#8221; text_color=&#8221;dark&#8221; text_align=&#8221;left&#8221; row_border_radius=&#8221;none&#8221; row_border_radius_applies=&#8221;bg&#8221; overflow=&#8221;visible&#8221; overlay_strength=&#8221;0.3&#8243; gradient_direction=&#8221;left_to_right&#8221; shape_divider_position=&#8221;bottom&#8221; bg_image_animation=&#8221;none&#8221; gradient_type=&#8221;default&#8221; shape_type=&#8221;&#8221;][vc_column column_padding=&#8221;no-extra-padding&#8221; column_padding_tablet=&#8221;inherit&#8221; column_padding_phone=&#8221;inherit&#8221; column_padding_position=&#8221;all&#8221; column_element_direction_desktop=&#8221;default&#8221; column_element_spacing=&#8221;default&#8221; desktop_text_alignment=&#8221;default&#8221; tablet_text_alignment=&#8221;default&#8221; phone_text_alignment=&#8221;default&#8221; background_color_opacity=&#8221;1&#8243; background_hover_color_opacity=&#8221;1&#8243; column_backdrop_filter=&#8221;none&#8221; column_shadow=&#8221;none&#8221; column_border_radius=&#8221;none&#8221; column_link_target=&#8221;_self&#8221; column_position=&#8221;default&#8221; gradient_direction=&#8221;left_to_right&#8221; overlay_strength=&#8221;0.3&#8243; width=&#8221;1\/3&#8243; tablet_width_inherit=&#8221;default&#8221; animation_type=&#8221;default&#8221; bg_image_animation=&#8221;none&#8221; border_type=&#8221;simple&#8221; column_border_width=&#8221;none&#8221; column_border_style=&#8221;solid&#8221;][image_with_animation image_url=&#8221;53695&#8243; image_size=&#8221;full&#8221; animation_type=&#8221;entrance&#8221; animation=&#8221;None&#8221; animation_movement_type=&#8221;transform_y&#8221; hover_animation=&#8221;none&#8221; alignment=&#8221;&#8221; border_radius=&#8221;none&#8221; box_shadow=&#8221;none&#8221; image_loading=&#8221;default&#8221; max_width=&#8221;100%&#8221; max_width_mobile=&#8221;default&#8221;][\/vc_column][vc_column column_padding=&#8221;no-extra-padding&#8221; column_padding_tablet=&#8221;inherit&#8221; column_padding_phone=&#8221;inherit&#8221; column_padding_position=&#8221;all&#8221; column_element_direction_desktop=&#8221;default&#8221; column_element_spacing=&#8221;default&#8221; desktop_text_alignment=&#8221;default&#8221; tablet_text_alignment=&#8221;default&#8221; phone_text_alignment=&#8221;default&#8221; background_color_opacity=&#8221;1&#8243; background_hover_color_opacity=&#8221;1&#8243; column_backdrop_filter=&#8221;none&#8221; column_shadow=&#8221;none&#8221; column_border_radius=&#8221;none&#8221; column_link_target=&#8221;_self&#8221; column_position=&#8221;default&#8221; gradient_direction=&#8221;left_to_right&#8221; overlay_strength=&#8221;0.3&#8243; width=&#8221;2\/3&#8243; tablet_width_inherit=&#8221;default&#8221; animation_type=&#8221;default&#8221; bg_image_animation=&#8221;none&#8221; border_type=&#8221;simple&#8221; column_border_width=&#8221;none&#8221; column_border_style=&#8221;solid&#8221;][vc_column_text]<strong>Prof. Dr. Antonio Fern\u00e1ndez Rodr\u00edguez<\/strong>, a global reference in the field of whale pathology, is a professor of veterinary pathology at the University of Las Palmas de Gran Canaria. He completed his postdoctoral studies as a Humboldt fellow in Germany and at Cornell University in the USA. He is a member of the Expert Panel on Whale Strandings of the International Whaling Commission and the International Union for Conservation of Nature (IUCN). He has held various positions, including Dean of the Veterinary Faculty, Vice Rector for Research at the University of Las Palmas, and Director of the Institute for Animal Health and Food Safety. He has also served as an advisor to the Ministry of Science. In 2008, he received the Canary Islands Award for Science and Innovation. Currently, he serves as the Director of the World Organization for Animal Health (OIE) Center for Marine Mammal Health and is the President of the Scientific Committee of the La Palma Island World Biosphere Reserve.<\/p>\n<p>He was awarded the <em>Premio Gorila<\/em> in 2015 for his outstanding commitment to environmental protection and the extraordinary significance of studies conducted by the University Institute for Animal Health and Food Safety (IUSA) to secure whale populations in the Canary Islands and Macaronesia.[\/vc_column_text][divider line_type=&#8221;No Line&#8221;][nectar_btn size=&#8221;large&#8221; button_style=&#8221;regular&#8221; button_color_2=&#8221;Accent-Color&#8221; icon_family=&#8221;none&#8221; text=&#8221;Back&#8221; url=&#8221;https:\/\/www.loroparque-fundacion.org\/en\/who-we-are\/#consejo&#8221;][\/vc_column][\/vc_row][vc_row type=&#8221;in_container&#8221; full_screen_row_position=&#8221;middle&#8221; column_margin=&#8221;default&#8221; column_direction=&#8221;default&#8221; column_direction_tablet=&#8221;default&#8221; column_direction_phone=&#8221;default&#8221; scene_position=&#8221;center&#8221; text_color=&#8221;dark&#8221; text_align=&#8221;left&#8221; row_border_radius=&#8221;none&#8221; row_border_radius_applies=&#8221;bg&#8221; overflow=&#8221;visible&#8221; overlay_strength=&#8221;0.3&#8243; gradient_direction=&#8221;left_to_right&#8221; shape_divider_position=&#8221;bottom&#8221; bg_image_animation=&#8221;none&#8221;][vc_column column_padding=&#8221;no-extra-padding&#8221; column_padding_tablet=&#8221;inherit&#8221; column_padding_phone=&#8221;inherit&#8221; column_padding_position=&#8221;all&#8221; column_element_direction_desktop=&#8221;default&#8221; column_element_spacing=&#8221;default&#8221; desktop_text_alignment=&#8221;default&#8221; tablet_text_alignment=&#8221;default&#8221; phone_text_alignment=&#8221;default&#8221; background_color_opacity=&#8221;1&#8243; background_hover_color_opacity=&#8221;1&#8243; column_backdrop_filter=&#8221;none&#8221; column_shadow=&#8221;none&#8221; column_border_radius=&#8221;none&#8221; column_link_target=&#8221;_self&#8221; column_position=&#8221;default&#8221; gradient_direction=&#8221;left_to_right&#8221; overlay_strength=&#8221;0.3&#8243; width=&#8221;1\/1&#8243; tablet_width_inherit=&#8221;default&#8221; animation_type=&#8221;default&#8221; bg_image_animation=&#8221;none&#8221; border_type=&#8221;simple&#8221; column_border_width=&#8221;none&#8221; column_border_style=&#8221;solid&#8221;][divider line_type=&#8221;No Line&#8221;][\/vc_column][\/vc_row]\n","protected":false},"excerpt":{"rendered":"<p>[vc_row type=&#8221;in_container&#8221; full_screen_row_position=&#8221;middle&#8221; column_margin=&#8221;default&#8221; equal_height=&#8221;yes&#8221; content_placement=&#8221;middle&#8221; column_direction=&#8221;default&#8221; column_direction_tablet=&#8221;default&#8221; column_direction_phone=&#8221;default&#8221; scene_position=&#8221;center&#8221; text_color=&#8221;dark&#8221; text_align=&#8221;left&#8221; row_border_radius=&#8221;none&#8221; row_border_radius_applies=&#8221;bg&#8221; overflow=&#8221;visible&#8221;&#8230;<\/p>\n","protected":false},"author":2,"featured_media":0,"parent":0,"menu_order":0,"comment_status":"closed","ping_status":"closed","template":"","meta":{"footnotes":""},"yoast_head":"<!-- This site is optimized with the Yoast SEO plugin v23.0 - https:\/\/yoast.com\/wordpress\/plugins\/seo\/ -->\n<title>Antonio Fern\u00e1ndez Rodr\u00edguez<\/title>\n<meta name=\"description\" content=\"Antonio Fern\u00e1ndez Rodr\u00edguez is a leading expert in whale health and conservation, working at Fundaci\u00f3n Loro Parque.\" \/>\n<meta name=\"robots\" content=\"index, nofollow, max-snippet:-1, max-image-preview:large, max-video-preview:-1\" \/>\n<link rel=\"canonical\" href=\"https:\/\/www.loroparque-fundacion.org\/en\/antonio-fernandez-rodriguez\/\" \/>\n<meta property=\"og:locale\" content=\"en_US\" \/>\n<meta property=\"og:type\" content=\"article\" \/>\n<meta property=\"og:title\" content=\"Antonio Fern\u00e1ndez Rodr\u00edguez\" \/>\n<meta property=\"og:description\" content=\"Antonio Fern\u00e1ndez Rodr\u00edguez is a leading expert in whale health and conservation, working at Fundaci\u00f3n Loro Parque.\" \/>\n<meta property=\"og:url\" content=\"https:\/\/www.loroparque-fundacion.org\/en\/antonio-fernandez-rodriguez\/\" \/>\n<meta property=\"og:site_name\" content=\"Loro Parque Fundaci\u00f3n\" \/>\n<meta property=\"article:publisher\" content=\"https:\/\/www.facebook.com\/loroparquefundacion\/\" \/>\n<meta property=\"article:modified_time\" content=\"2024-09-23T13:11:42+00:00\" \/>\n<meta property=\"og:image\" content=\"https:\/\/www.loroparque-fundacion.org\/app\/uploads\/2022\/08\/destacadaweb.png\" \/>\n\t<meta property=\"og:image:width\" content=\"500\" \/>\n\t<meta property=\"og:image:height\" content=\"500\" \/>\n\t<meta property=\"og:image:type\" content=\"image\/png\" \/>\n<meta name=\"twitter:card\" content=\"summary_large_image\" \/>\n<meta name=\"twitter:site\" content=\"@lp__fundacion\" \/>\n<meta name=\"twitter:label1\" content=\"Est. reading time\" \/>\n\t<meta name=\"twitter:data1\" content=\"2 minutes\" \/>\n<script type=\"application\/ld+json\" class=\"yoast-schema-graph\">{\"@context\":\"https:\/\/schema.org\",\"@graph\":[{\"@type\":\"WebPage\",\"@id\":\"https:\/\/www.loroparque-fundacion.org\/en\/antonio-fernandez-rodriguez\/\",\"url\":\"https:\/\/www.loroparque-fundacion.org\/en\/antonio-fernandez-rodriguez\/\",\"name\":\"Antonio Fern\u00e1ndez Rodr\u00edguez\",\"isPartOf\":{\"@id\":\"https:\/\/www.loroparque-fundacion.org\/en\/#website\"},\"datePublished\":\"2023-11-15T13:06:26+00:00\",\"dateModified\":\"2024-09-23T13:11:42+00:00\",\"description\":\"Antonio Fern\u00e1ndez Rodr\u00edguez is a leading expert in whale health and conservation, working at Fundaci\u00f3n Loro Parque.\",\"inLanguage\":\"en-US\",\"potentialAction\":[{\"@type\":\"ReadAction\",\"target\":[\"https:\/\/www.loroparque-fundacion.org\/en\/antonio-fernandez-rodriguez\/\"]}]},{\"@type\":\"WebSite\",\"@id\":\"https:\/\/www.loroparque-fundacion.org\/en\/#website\",\"url\":\"https:\/\/www.loroparque-fundacion.org\/en\/\",\"name\":\"Loro Parque Fundaci\u00f3n\",\"description\":\"We Care - Animal Embassy - Tenerife\",\"publisher\":{\"@id\":\"https:\/\/www.loroparque-fundacion.org\/en\/#organization\"},\"potentialAction\":[{\"@type\":\"SearchAction\",\"target\":{\"@type\":\"EntryPoint\",\"urlTemplate\":\"https:\/\/www.loroparque-fundacion.org\/en\/?s={search_term_string}\"},\"query-input\":\"required name=search_term_string\"}],\"inLanguage\":\"en-US\"},{\"@type\":\"Organization\",\"@id\":\"https:\/\/www.loroparque-fundacion.org\/en\/#organization\",\"name\":\"Loro Parque Fundaci\u00f3n\",\"url\":\"https:\/\/www.loroparque-fundacion.org\/en\/\",\"logo\":{\"@type\":\"ImageObject\",\"inLanguage\":\"en-US\",\"@id\":\"https:\/\/www.loroparque-fundacion.org\/en\/#\/schema\/logo\/image\/\",\"url\":\"https:\/\/www.loroparque-fundacion.org\/app\/uploads\/2022\/08\/destacadaweb.png\",\"contentUrl\":\"https:\/\/www.loroparque-fundacion.org\/app\/uploads\/2022\/08\/destacadaweb.png\",\"width\":500,\"height\":500,\"caption\":\"Loro Parque Fundaci\u00f3n\"},\"image\":{\"@id\":\"https:\/\/www.loroparque-fundacion.org\/en\/#\/schema\/logo\/image\/\"},\"sameAs\":[\"https:\/\/www.facebook.com\/loroparquefundacion\/\",\"https:\/\/x.com\/lp__fundacion\",\"https:\/\/www.instagram.com\/loroparque_fundacion\/\",\"https:\/\/www.linkedin.com\/company\/loroparque\/\"]}]}<\/script>\n<!-- \/ Yoast SEO plugin. -->","yoast_head_json":{"title":"Antonio Fern\u00e1ndez Rodr\u00edguez","description":"Antonio Fern\u00e1ndez Rodr\u00edguez is a leading expert in whale health and conservation, working at Fundaci\u00f3n Loro Parque.","robots":{"index":"index","follow":"nofollow","max-snippet":"max-snippet:-1","max-image-preview":"max-image-preview:large","max-video-preview":"max-video-preview:-1"},"canonical":"https:\/\/www.loroparque-fundacion.org\/en\/antonio-fernandez-rodriguez\/","og_locale":"en_US","og_type":"article","og_title":"Antonio Fern\u00e1ndez Rodr\u00edguez","og_description":"Antonio Fern\u00e1ndez Rodr\u00edguez is a leading expert in whale health and conservation, working at Fundaci\u00f3n Loro Parque.","og_url":"https:\/\/www.loroparque-fundacion.org\/en\/antonio-fernandez-rodriguez\/","og_site_name":"Loro Parque Fundaci\u00f3n","article_publisher":"https:\/\/www.facebook.com\/loroparquefundacion\/","article_modified_time":"2024-09-23T13:11:42+00:00","og_image":[{"width":500,"height":500,"url":"https:\/\/www.loroparque-fundacion.org\/app\/uploads\/2022\/08\/destacadaweb.png","type":"image\/png"}],"twitter_card":"summary_large_image","twitter_site":"@lp__fundacion","twitter_misc":{"Est. reading time":"2 minutes"},"schema":{"@context":"https:\/\/schema.org","@graph":[{"@type":"WebPage","@id":"https:\/\/www.loroparque-fundacion.org\/en\/antonio-fernandez-rodriguez\/","url":"https:\/\/www.loroparque-fundacion.org\/en\/antonio-fernandez-rodriguez\/","name":"Antonio Fern\u00e1ndez Rodr\u00edguez","isPartOf":{"@id":"https:\/\/www.loroparque-fundacion.org\/en\/#website"},"datePublished":"2023-11-15T13:06:26+00:00","dateModified":"2024-09-23T13:11:42+00:00","description":"Antonio Fern\u00e1ndez Rodr\u00edguez is a leading expert in whale health and conservation, working at Fundaci\u00f3n Loro Parque.","inLanguage":"en-US","potentialAction":[{"@type":"ReadAction","target":["https:\/\/www.loroparque-fundacion.org\/en\/antonio-fernandez-rodriguez\/"]}]},{"@type":"WebSite","@id":"https:\/\/www.loroparque-fundacion.org\/en\/#website","url":"https:\/\/www.loroparque-fundacion.org\/en\/","name":"Loro Parque Fundaci\u00f3n","description":"We Care - Animal Embassy - Tenerife","publisher":{"@id":"https:\/\/www.loroparque-fundacion.org\/en\/#organization"},"potentialAction":[{"@type":"SearchAction","target":{"@type":"EntryPoint","urlTemplate":"https:\/\/www.loroparque-fundacion.org\/en\/?s={search_term_string}"},"query-input":"required name=search_term_string"}],"inLanguage":"en-US"},{"@type":"Organization","@id":"https:\/\/www.loroparque-fundacion.org\/en\/#organization","name":"Loro Parque Fundaci\u00f3n","url":"https:\/\/www.loroparque-fundacion.org\/en\/","logo":{"@type":"ImageObject","inLanguage":"en-US","@id":"https:\/\/www.loroparque-fundacion.org\/en\/#\/schema\/logo\/image\/","url":"https:\/\/www.loroparque-fundacion.org\/app\/uploads\/2022\/08\/destacadaweb.png","contentUrl":"https:\/\/www.loroparque-fundacion.org\/app\/uploads\/2022\/08\/destacadaweb.png","width":500,"height":500,"caption":"Loro Parque Fundaci\u00f3n"},"image":{"@id":"https:\/\/www.loroparque-fundacion.org\/en\/#\/schema\/logo\/image\/"},"sameAs":["https:\/\/www.facebook.com\/loroparquefundacion\/","https:\/\/x.com\/lp__fundacion","https:\/\/www.instagram.com\/loroparque_fundacion\/","https:\/\/www.linkedin.com\/company\/loroparque\/"]}]}},"_links":{"self":[{"href":"https:\/\/www.loroparque-fundacion.org\/en\/wp-json\/wp\/v2\/pages\/53748"}],"collection":[{"href":"https:\/\/www.loroparque-fundacion.org\/en\/wp-json\/wp\/v2\/pages"}],"about":[{"href":"https:\/\/www.loroparque-fundacion.org\/en\/wp-json\/wp\/v2\/types\/page"}],"author":[{"embeddable":true,"href":"https:\/\/www.loroparque-fundacion.org\/en\/wp-json\/wp\/v2\/users\/2"}],"replies":[{"embeddable":true,"href":"https:\/\/www.loroparque-fundacion.org\/en\/wp-json\/wp\/v2\/comments?post=53748"}],"version-history":[{"count":3,"href":"https:\/\/www.loroparque-fundacion.org\/en\/wp-json\/wp\/v2\/pages\/53748\/revisions"}],"predecessor-version":[{"id":53776,"href":"https:\/\/www.loroparque-fundacion.org\/en\/wp-json\/wp\/v2\/pages\/53748\/revisions\/53776"}],"wp:attachment":[{"href":"https:\/\/www.loroparque-fundacion.org\/en\/wp-json\/wp\/v2\/media?parent=53748"}],"curies":[{"name":"wp","href":"https:\/\/api.w.org\/{rel}","templated":true}]}}